{"id":10337,"date":"2026-04-25T17:25:03","date_gmt":"2026-04-25T17:25:03","guid":{"rendered":"https:\/\/anopri.com\/?product=micro-onde-lg-42l-ms4295cis-smart-inverter"},"modified":"2026-04-25T17:25:03","modified_gmt":"2026-04-25T17:25:03","slug":"micro-onde-lg-42l-ms4295cis-smart-inverter","status":"publish","type":"product","link":"https:\/\/anopri.com\/?product=micro-onde-lg-42l-ms4295cis-smart-inverter","title":{"rendered":"Micro onde LG &#8211; 42L MS4295CIS \u2013 Smart Inverter"},"content":{"rendered":"<p>D\u00e9couvrez votre\u00a0<strong>four a micro -onde LG<\/strong>\u00a0prix abordable, pour chauffer vos repas \u00e0 n\u2019importe quelle heure de la journ\u00e9e. Vous n\u2019aurez plus \u00e0 consommer froid malgr\u00e9 la fatigue, donc fini les methodes classiques et p\u00e9nibles. Il \u00e0 une\u00a0<strong>capacit\u00e9 de 42 litres<\/strong>\u00a0vous permettant de faire \u00e0 mang\u00e9 pour vous et pour toute votre famille.<\/p>\n<p>La technologie\u00a0<strong>Smart Inverter de LG<\/strong>\u00a0fournit une puissance de cuisson pr\u00e9cise pour r\u00e9chauffer et d\u00e9congeler une large gamme d\u2019aliments et plus rapidement que jamais. Gr\u00e2ce \u00e0 un contr\u00f4le pr\u00e9cis de la temp\u00e9rature, vous pouvez cuisiner une vari\u00e9t\u00e9 de plats que les\u00a0<strong>micro-ondes<\/strong>\u00a0n\u2019\u00e9taient auparavant jamais capables de pr\u00e9parer.<\/p>\n","protected":false},"excerpt":{"rendered":"<ul>\n<li>\n<h3>Type de produit : Micro-onde\u00a0\u00a0Smart Inverter<\/h3>\n<\/li>\n<li>\n<h3>Marque : LG<\/h3>\n<\/li>\n<li>\n<h3>Mod\u00e8le : MS4295CIS<\/h3>\n<\/li>\n<li>\n<h3>Volume : 42L<\/h3>\n<\/li>\n<li>\n<h3>Puissance :1200w<\/h3>\n<\/li>\n<li>\n<h3>Tension : 220-240v<\/h3>\n<\/li>\n<li>\n<h3>Fr\u00e9quence : 50Hz<\/h3>\n<\/li>\n<\/ul>\n","protected":false},"featured_media":9609,"comment_status":"closed","ping_status":"closed","template":"","meta":{"_bst_post_transparent":"","_bst_post_title":"","_bst_post_layout":"","_bst_post_sidebar_id":"","_bst_post_content_style":"","_bst_post_vertical_padding":"","_bst_post_feature":"","_bst_post_feature_position":"","_bst_post_header":false,"_bst_post_footer":false},"product_brand":[],"product_cat":[145,154],"product_tag":[],"product_brands":[],"class_list":{"0":"post-10337","1":"product","2":"type-product","3":"status-publish","4":"has-post-thumbnail","6":"product_cat-electromenager","7":"product_cat-micro-onde-fours","9":"first","10":"instock","11":"shipping-taxable","12":"purchasable","13":"product-type-simple","14":"entry","15":"content-bg","16":"loop-entry"},"_links":{"self":[{"href":"https:\/\/anopri.com\/index.php?rest_route=\/wp\/v2\/product\/10337","targetHints":{"allow":["GET"]}}],"collection":[{"href":"https:\/\/anopri.com\/index.php?rest_route=\/wp\/v2\/product"}],"about":[{"href":"https:\/\/anopri.com\/index.php?rest_route=\/wp\/v2\/types\/product"}],"replies":[{"embeddable":true,"href":"https:\/\/anopri.com\/index.php?rest_route=%2Fwp%2Fv2%2Fcomments&post=10337"}],"wp:featuredmedia":[{"embeddable":true,"href":"https:\/\/anopri.com\/index.php?rest_route=\/wp\/v2\/media\/9609"}],"wp:attachment":[{"href":"https:\/\/anopri.com\/index.php?rest_route=%2Fwp%2Fv2%2Fmedia&parent=10337"}],"wp:term":[{"taxonomy":"product_brand","embeddable":true,"href":"https:\/\/anopri.com\/index.php?rest_route=%2Fwp%2Fv2%2Fproduct_brand&post=10337"},{"taxonomy":"product_cat","embeddable":true,"href":"https:\/\/anopri.com\/index.php?rest_route=%2Fwp%2Fv2%2Fproduct_cat&post=10337"},{"taxonomy":"product_tag","embeddable":true,"href":"https:\/\/anopri.com\/index.php?rest_route=%2Fwp%2Fv2%2Fproduct_tag&post=10337"},{"taxonomy":"product_brands","embeddable":true,"href":"https:\/\/anopri.com\/index.php?rest_route=%2Fwp%2Fv2%2Fproduct_brands&post=10337"}],"curies":[{"name":"wp","href":"https:\/\/api.w.org\/{rel}","templated":true}]}}