{"id":10320,"date":"2026-04-25T17:24:57","date_gmt":"2026-04-25T17:24:57","guid":{"rendered":"https:\/\/anopri.com\/?product=cafetiere-raf-r-106-1500w"},"modified":"2026-04-25T17:24:57","modified_gmt":"2026-04-25T17:24:57","slug":"cafetiere-raf-r-106-1500w","status":"publish","type":"product","link":"https:\/\/anopri.com\/?product=cafetiere-raf-r-106-1500w","title":{"rendered":"Cafeti\u00e8re RAF- R.106 1500W"},"content":{"rendered":"<p>La cafeti\u00e8re filtre \u00e9lectrique portative <strong>3-en-1 RAF R106<\/strong> est une solution innovante et compacte con\u00e7ue pour les amateurs de caf\u00e9 toujours en d\u00e9placement. Cette cafeti\u00e8re portable combine trois fonctions essentielles\u00a0: moudre, infuser et boire du caf\u00e9, en un seul appareil \u00e9l\u00e9gant et portable, ce qui en fait le compagnon id\u00e9al des matins charg\u00e9s, des voyages et des aventures en plein air.<\/p>\n","protected":false},"excerpt":{"rendered":"<p>La cafeti\u00e8re filtre \u00e9lectrique portative 3-en-1 RAF R106 est une solution innovante et compacte con\u00e7ue pour les amateurs de caf\u00e9 toujours en d\u00e9placement. Cette cafeti\u00e8re portable combine trois fonctions essentielles\u00a0: moudre, infuser et boire du caf\u00e9, en un seul appareil \u00e9l\u00e9gant et portable, ce qui en fait le compagnon id\u00e9al des matins charg\u00e9s, des voyages&#8230;<\/p>\n","protected":false},"featured_media":10317,"comment_status":"closed","ping_status":"closed","template":"","meta":{"_bst_post_transparent":"","_bst_post_title":"","_bst_post_layout":"","_bst_post_sidebar_id":"","_bst_post_content_style":"","_bst_post_vertical_padding":"","_bst_post_feature":"","_bst_post_feature_position":"","_bst_post_header":false,"_bst_post_footer":false},"product_brand":[],"product_cat":[155,145],"product_tag":[],"product_brands":[],"class_list":{"0":"post-10320","1":"product","2":"type-product","3":"status-publish","4":"has-post-thumbnail","6":"product_cat-bouilloire-electrique","7":"product_cat-electromenager","9":"first","10":"instock","11":"shipping-taxable","12":"purchasable","13":"product-type-simple","14":"entry","15":"content-bg","16":"loop-entry"},"_links":{"self":[{"href":"https:\/\/anopri.com\/index.php?rest_route=\/wp\/v2\/product\/10320","targetHints":{"allow":["GET"]}}],"collection":[{"href":"https:\/\/anopri.com\/index.php?rest_route=\/wp\/v2\/product"}],"about":[{"href":"https:\/\/anopri.com\/index.php?rest_route=\/wp\/v2\/types\/product"}],"replies":[{"embeddable":true,"href":"https:\/\/anopri.com\/index.php?rest_route=%2Fwp%2Fv2%2Fcomments&post=10320"}],"wp:featuredmedia":[{"embeddable":true,"href":"https:\/\/anopri.com\/index.php?rest_route=\/wp\/v2\/media\/10317"}],"wp:attachment":[{"href":"https:\/\/anopri.com\/index.php?rest_route=%2Fwp%2Fv2%2Fmedia&parent=10320"}],"wp:term":[{"taxonomy":"product_brand","embeddable":true,"href":"https:\/\/anopri.com\/index.php?rest_route=%2Fwp%2Fv2%2Fproduct_brand&post=10320"},{"taxonomy":"product_cat","embeddable":true,"href":"https:\/\/anopri.com\/index.php?rest_route=%2Fwp%2Fv2%2Fproduct_cat&post=10320"},{"taxonomy":"product_tag","embeddable":true,"href":"https:\/\/anopri.com\/index.php?rest_route=%2Fwp%2Fv2%2Fproduct_tag&post=10320"},{"taxonomy":"product_brands","embeddable":true,"href":"https:\/\/anopri.com\/index.php?rest_route=%2Fwp%2Fv2%2Fproduct_brands&post=10320"}],"curies":[{"name":"wp","href":"https:\/\/api.w.org\/{rel}","templated":true}]}}