{"id":10316,"date":"2026-04-25T17:24:56","date_gmt":"2026-04-25T17:24:56","guid":{"rendered":"https:\/\/anopri.com\/?product=machine-a-salade-raf-r-3390"},"modified":"2026-04-25T17:24:56","modified_gmt":"2026-04-25T17:24:56","slug":"machine-a-salade-raf-r-3390","status":"publish","type":"product","link":"https:\/\/anopri.com\/?product=machine-a-salade-raf-r-3390","title":{"rendered":"Machine \u00e0 salade RAF- R.3390"},"content":{"rendered":"<p>Pr\u00e9parez des salades, des pizzas ou des soupes. C\u00f4nes interchangeables pour trancher et hacher facilement. Tranchez ou hachez finement l\u00e9gumes, fruits et fromage pour pr\u00e9parer rapidement et facilement de d\u00e9licieuses salades, soupes, pizzas, tacos, desserts et bien plus encore. Cette puissante trancheuse \u00e9lectrique est r\u00e9sistante aux taches et se nettoie en quelques secondes. Base facile \u00e0 nettoyer, tout le reste passe au lave-vaisselle.<\/p>\n","protected":false},"excerpt":{"rendered":"<p><span dir=\"auto\">*<\/span><span dir=\"auto\">\u00a0Offre un ext\u00e9rieur bien con\u00e7u qui b\u00e9n\u00e9ficie d&#8217;une utilisation intensive et d&#8217;une longue dur\u00e9e de vie<\/span><\/p>\n<p><span dir=\"auto\">* Croisi\u00e8res une technologie m\u00e9ticuleuse qui contribue \u00e0 faciliter votre travail<\/span><\/p>\n<p><span dir=\"auto\">* La construction en mat\u00e9riaux de premi\u00e8re qualit\u00e9 pr\u00e9sente une durabilit\u00e9 r\u00e9sistante \u00e0 l&#8217;abrasion<\/span><\/p>\n<p><span dir=\"auto\">* Fabriqu\u00e9 avec soin pour offrir une longue dur\u00e9e de vie, garantissant une utilisation intensive<\/span><\/p>\n<p><span dir=\"auto\">* Ancr\u00e9 avec comp\u00e9tence pour offrir un niveau sup\u00e9rieur de fonctionnalit\u00e9 et d&#8217;efficacit\u00e9<\/span><\/p>\n","protected":false},"featured_media":10315,"comment_status":"closed","ping_status":"closed","template":"","meta":{"_bst_post_transparent":"","_bst_post_title":"","_bst_post_layout":"","_bst_post_sidebar_id":"","_bst_post_content_style":"","_bst_post_vertical_padding":"","_bst_post_feature":"","_bst_post_feature_position":"","_bst_post_header":false,"_bst_post_footer":false},"product_brand":[],"product_cat":[185,145],"product_tag":[],"product_brands":[],"class_list":{"0":"post-10316","1":"product","2":"type-product","3":"status-publish","4":"has-post-thumbnail","6":"product_cat-articles-de-cuisine","7":"product_cat-electromenager","9":"first","10":"instock","11":"shipping-taxable","12":"purchasable","13":"product-type-simple","14":"entry","15":"content-bg","16":"loop-entry"},"_links":{"self":[{"href":"https:\/\/anopri.com\/index.php?rest_route=\/wp\/v2\/product\/10316","targetHints":{"allow":["GET"]}}],"collection":[{"href":"https:\/\/anopri.com\/index.php?rest_route=\/wp\/v2\/product"}],"about":[{"href":"https:\/\/anopri.com\/index.php?rest_route=\/wp\/v2\/types\/product"}],"replies":[{"embeddable":true,"href":"https:\/\/anopri.com\/index.php?rest_route=%2Fwp%2Fv2%2Fcomments&post=10316"}],"wp:featuredmedia":[{"embeddable":true,"href":"https:\/\/anopri.com\/index.php?rest_route=\/wp\/v2\/media\/10315"}],"wp:attachment":[{"href":"https:\/\/anopri.com\/index.php?rest_route=%2Fwp%2Fv2%2Fmedia&parent=10316"}],"wp:term":[{"taxonomy":"product_brand","embeddable":true,"href":"https:\/\/anopri.com\/index.php?rest_route=%2Fwp%2Fv2%2Fproduct_brand&post=10316"},{"taxonomy":"product_cat","embeddable":true,"href":"https:\/\/anopri.com\/index.php?rest_route=%2Fwp%2Fv2%2Fproduct_cat&post=10316"},{"taxonomy":"product_tag","embeddable":true,"href":"https:\/\/anopri.com\/index.php?rest_route=%2Fwp%2Fv2%2Fproduct_tag&post=10316"},{"taxonomy":"product_brands","embeddable":true,"href":"https:\/\/anopri.com\/index.php?rest_route=%2Fwp%2Fv2%2Fproduct_brands&post=10316"}],"curies":[{"name":"wp","href":"https:\/\/api.w.org\/{rel}","templated":true}]}}