{"id":10314,"date":"2026-04-25T17:24:55","date_gmt":"2026-04-25T17:24:55","guid":{"rendered":"https:\/\/anopri.com\/?product=machine-a-pop-corn-electrique-raf-r9003-700w"},"modified":"2026-04-25T17:24:55","modified_gmt":"2026-04-25T17:24:55","slug":"machine-a-pop-corn-electrique-raf-r9003-700w","status":"publish","type":"product","link":"https:\/\/anopri.com\/?product=machine-a-pop-corn-electrique-raf-r9003-700w","title":{"rendered":"Machine \u00e0 pop-corn \u00e9lectrique RAF-R9003 700W"},"content":{"rendered":"<p>La Raf R.9003 est une machine \u00e0 popcorn moderne pour un usage domestique. Elle vous permet de pr\u00e9parer facilement et rapidement du popcorn frais \u00e0 la maison. Son fonctionnement simple et silencieux en fait la machine id\u00e9ale pour les soir\u00e9es cin\u00e9ma en famille ou les r\u00e9unions entre amis.<\/p>\n","protected":false},"excerpt":{"rendered":"<ul>\n<li><span dir=\"auto\">Marque : RAF<\/span><\/li>\n<li><span dir=\"auto\">Mod\u00e8le : R9003<\/span><\/li>\n<li><span dir=\"auto\">Puissance : 700 watts<\/span><\/li>\n<li><span dir=\"auto\">Capacit\u00e9 : 60 grammes<\/span><\/li>\n<li><span dir=\"auto\">Rapide et pratique<\/span><\/li>\n<li><span dir=\"auto\">Facile \u00e0 nettoyer<\/span><\/li>\n<li><span dir=\"auto\">Technologie de soufflage d&#8217;air chaud<\/span><\/li>\n<\/ul>\n","protected":false},"featured_media":9535,"comment_status":"closed","ping_status":"closed","template":"","meta":{"_bst_post_transparent":"","_bst_post_title":"","_bst_post_layout":"","_bst_post_sidebar_id":"","_bst_post_content_style":"","_bst_post_vertical_padding":"","_bst_post_feature":"","_bst_post_feature_position":"","_bst_post_header":false,"_bst_post_footer":false},"product_brand":[],"product_cat":[146,145],"product_tag":[],"product_brands":[],"class_list":{"0":"post-10314","1":"product","2":"type-product","3":"status-publish","4":"has-post-thumbnail","6":"product_cat-appareils-de-cuisson","7":"product_cat-electromenager","9":"first","10":"instock","11":"shipping-taxable","12":"purchasable","13":"product-type-simple","14":"entry","15":"content-bg","16":"loop-entry"},"_links":{"self":[{"href":"https:\/\/anopri.com\/index.php?rest_route=\/wp\/v2\/product\/10314","targetHints":{"allow":["GET"]}}],"collection":[{"href":"https:\/\/anopri.com\/index.php?rest_route=\/wp\/v2\/product"}],"about":[{"href":"https:\/\/anopri.com\/index.php?rest_route=\/wp\/v2\/types\/product"}],"replies":[{"embeddable":true,"href":"https:\/\/anopri.com\/index.php?rest_route=%2Fwp%2Fv2%2Fcomments&post=10314"}],"wp:featuredmedia":[{"embeddable":true,"href":"https:\/\/anopri.com\/index.php?rest_route=\/wp\/v2\/media\/9535"}],"wp:attachment":[{"href":"https:\/\/anopri.com\/index.php?rest_route=%2Fwp%2Fv2%2Fmedia&parent=10314"}],"wp:term":[{"taxonomy":"product_brand","embeddable":true,"href":"https:\/\/anopri.com\/index.php?rest_route=%2Fwp%2Fv2%2Fproduct_brand&post=10314"},{"taxonomy":"product_cat","embeddable":true,"href":"https:\/\/anopri.com\/index.php?rest_route=%2Fwp%2Fv2%2Fproduct_cat&post=10314"},{"taxonomy":"product_tag","embeddable":true,"href":"https:\/\/anopri.com\/index.php?rest_route=%2Fwp%2Fv2%2Fproduct_tag&post=10314"},{"taxonomy":"product_brands","embeddable":true,"href":"https:\/\/anopri.com\/index.php?rest_route=%2Fwp%2Fv2%2Fproduct_brands&post=10314"}],"curies":[{"name":"wp","href":"https:\/\/api.w.org\/{rel}","templated":true}]}}