{"id":10310,"date":"2026-04-25T17:24:53","date_gmt":"2026-04-25T17:24:53","guid":{"rendered":"https:\/\/anopri.com\/?product=machine-a-ecraser-manuelle-victoria-aluminium"},"modified":"2026-04-25T17:24:53","modified_gmt":"2026-04-25T17:24:53","slug":"machine-a-ecraser-manuelle-victoria-aluminium","status":"publish","type":"product","link":"https:\/\/anopri.com\/?product=machine-a-ecraser-manuelle-victoria-aluminium","title":{"rendered":"Machine A \u00c9craser Manuelle Victoria \u2013 Aluminium"},"content":{"rendered":"<p>Pr\u00e9parez vos propres repas sains de A \u00e0 Z. Avec le moulin \u00e0 grains manuel, vous moudrez les c\u00e9r\u00e9ales que vous aimez, comme le ma\u00efs, le riz, les noix, le caf\u00e9, les graines et bien plus encore. Vous pouvez ainsi contr\u00f4ler la mouture de vos aliments, du plus grossier au plus fin, selon vos besoins. Il est \u00e9galement id\u00e9al pour pr\u00e9parer de la p\u00e2te \u00e0 pain, des arepas, des tortillas, des g\u00e2teaux, des p\u00e2tisseries et bien plus encore.<\/p>\n<p>Conception traditionnelle pour une installation, un entretien et un nettoyage faciles.<\/p>\n","protected":false},"excerpt":{"rendered":"<ul>\n<li>Corps 100% fonte.<\/li>\n<li>Double couche d&#8217;\u00e9tain \u00e9lectrolytique qui le rend tr\u00e8s r\u00e9sistant \u00e0 l&#8217;usure et adapt\u00e9 au contact alimentaire.<\/li>\n<li>Disques en alliage qui emp\u00eachent l&#8217;usure et permettent un meulage fin.<\/li>\n<li>Ouverture maximale de la presse : 39 mm<br \/>\nFabriqu\u00e9 en Colombie<\/li>\n<\/ul>\n","protected":false},"featured_media":10307,"comment_status":"closed","ping_status":"closed","template":"","meta":{"_bst_post_transparent":"","_bst_post_title":"","_bst_post_layout":"","_bst_post_sidebar_id":"","_bst_post_content_style":"","_bst_post_vertical_padding":"","_bst_post_feature":"","_bst_post_feature_position":"","_bst_post_header":false,"_bst_post_footer":false},"product_brand":[],"product_cat":[185,145],"product_tag":[],"product_brands":[],"class_list":{"0":"post-10310","1":"product","2":"type-product","3":"status-publish","4":"has-post-thumbnail","6":"product_cat-articles-de-cuisine","7":"product_cat-electromenager","9":"first","10":"instock","11":"shipping-taxable","12":"purchasable","13":"product-type-simple","14":"entry","15":"content-bg","16":"loop-entry"},"_links":{"self":[{"href":"https:\/\/anopri.com\/index.php?rest_route=\/wp\/v2\/product\/10310","targetHints":{"allow":["GET"]}}],"collection":[{"href":"https:\/\/anopri.com\/index.php?rest_route=\/wp\/v2\/product"}],"about":[{"href":"https:\/\/anopri.com\/index.php?rest_route=\/wp\/v2\/types\/product"}],"replies":[{"embeddable":true,"href":"https:\/\/anopri.com\/index.php?rest_route=%2Fwp%2Fv2%2Fcomments&post=10310"}],"wp:featuredmedia":[{"embeddable":true,"href":"https:\/\/anopri.com\/index.php?rest_route=\/wp\/v2\/media\/10307"}],"wp:attachment":[{"href":"https:\/\/anopri.com\/index.php?rest_route=%2Fwp%2Fv2%2Fmedia&parent=10310"}],"wp:term":[{"taxonomy":"product_brand","embeddable":true,"href":"https:\/\/anopri.com\/index.php?rest_route=%2Fwp%2Fv2%2Fproduct_brand&post=10310"},{"taxonomy":"product_cat","embeddable":true,"href":"https:\/\/anopri.com\/index.php?rest_route=%2Fwp%2Fv2%2Fproduct_cat&post=10310"},{"taxonomy":"product_tag","embeddable":true,"href":"https:\/\/anopri.com\/index.php?rest_route=%2Fwp%2Fv2%2Fproduct_tag&post=10310"},{"taxonomy":"product_brands","embeddable":true,"href":"https:\/\/anopri.com\/index.php?rest_route=%2Fwp%2Fv2%2Fproduct_brands&post=10310"}],"curies":[{"name":"wp","href":"https:\/\/api.w.org\/{rel}","templated":true}]}}