{"id":10305,"date":"2026-04-25T17:24:52","date_gmt":"2026-04-25T17:24:52","guid":{"rendered":"https:\/\/anopri.com\/?product=mixeur-blender-blackdecker-400w-bx365-b5"},"modified":"2026-04-25T17:24:52","modified_gmt":"2026-04-25T17:24:52","slug":"mixeur-blender-blackdecker-400w-bx365-b5","status":"publish","type":"product","link":"https:\/\/anopri.com\/?product=mixeur-blender-blackdecker-400w-bx365-b5","title":{"rendered":"Mixeur-Blender Black+Decker- 400W BX365-B5"},"content":{"rendered":"<p>Le mixeur<strong> Black Decker 400W BX365-B5<\/strong>\u00a0 Black est un mixeur puissant qui est parfait pour tous vos besoins de mixage.<\/p>\n<p>Gr\u00e2ce \u00e0 son moteur de 400 W, il mixe facilement fruits, l\u00e9gumes et m\u00eame glace pour cr\u00e9er de d\u00e9licieux smoothies, soupes et sauces. Son bol de 1,5 litre est id\u00e9al pour pr\u00e9parer de grandes quantit\u00e9s de vos recettes pr\u00e9f\u00e9r\u00e9es.<\/p>\n<p>Il dispose \u00e9galement de plusieurs r\u00e9glages de vitesse et d&#8217;une fonction pulsation, vous permettant d&#8217;obtenir la consistance parfaite pour vos m\u00e9langes. Son design noir \u00e9l\u00e9gant ajoute une touche d&#8217;\u00e9l\u00e9gance \u00e0 tout plan de travail.<\/p>\n","protected":false},"excerpt":{"rendered":"<ul>\n<li>Type de produit :\u00a0Mixeur\/Mixeur<\/li>\n<li>Marque :\u00a0Black+Decker<\/li>\n<li>Mod\u00e8le :\u00a0BX365-B5<\/li>\n<li>Couleur :\u00a0noire<\/li>\n<li>Mat\u00e9riau :\u00a0 plastique<\/li>\n<li>Puissance du moteur :\u00a0400W<\/li>\n<li>2 vitesses + pulse pour s&#8217;adapter aux diff\u00e9rents ingr\u00e9dients<\/li>\n<li>2 moulins \u00e0 caf\u00e9, herbes et \u00e9pices<\/li>\n<\/ul>\n","protected":false},"featured_media":10303,"comment_status":"closed","ping_status":"closed","template":"","meta":{"_bst_post_transparent":"","_bst_post_title":"","_bst_post_layout":"","_bst_post_sidebar_id":"","_bst_post_content_style":"","_bst_post_vertical_padding":"","_bst_post_feature":"","_bst_post_feature_position":"","_bst_post_header":false,"_bst_post_footer":false},"product_brand":[],"product_cat":[145,182],"product_tag":[],"product_brands":[],"class_list":{"0":"post-10305","1":"product","2":"type-product","3":"status-publish","4":"has-post-thumbnail","6":"product_cat-electromenager","7":"product_cat-mixeurs-blenders","9":"first","10":"instock","11":"shipping-taxable","12":"purchasable","13":"product-type-simple","14":"entry","15":"content-bg","16":"loop-entry"},"_links":{"self":[{"href":"https:\/\/anopri.com\/index.php?rest_route=\/wp\/v2\/product\/10305","targetHints":{"allow":["GET"]}}],"collection":[{"href":"https:\/\/anopri.com\/index.php?rest_route=\/wp\/v2\/product"}],"about":[{"href":"https:\/\/anopri.com\/index.php?rest_route=\/wp\/v2\/types\/product"}],"replies":[{"embeddable":true,"href":"https:\/\/anopri.com\/index.php?rest_route=%2Fwp%2Fv2%2Fcomments&post=10305"}],"wp:featuredmedia":[{"embeddable":true,"href":"https:\/\/anopri.com\/index.php?rest_route=\/wp\/v2\/media\/10303"}],"wp:attachment":[{"href":"https:\/\/anopri.com\/index.php?rest_route=%2Fwp%2Fv2%2Fmedia&parent=10305"}],"wp:term":[{"taxonomy":"product_brand","embeddable":true,"href":"https:\/\/anopri.com\/index.php?rest_route=%2Fwp%2Fv2%2Fproduct_brand&post=10305"},{"taxonomy":"product_cat","embeddable":true,"href":"https:\/\/anopri.com\/index.php?rest_route=%2Fwp%2Fv2%2Fproduct_cat&post=10305"},{"taxonomy":"product_tag","embeddable":true,"href":"https:\/\/anopri.com\/index.php?rest_route=%2Fwp%2Fv2%2Fproduct_tag&post=10305"},{"taxonomy":"product_brands","embeddable":true,"href":"https:\/\/anopri.com\/index.php?rest_route=%2Fwp%2Fv2%2Fproduct_brands&post=10305"}],"curies":[{"name":"wp","href":"https:\/\/api.w.org\/{rel}","templated":true}]}}