{"id":10301,"date":"2026-04-25T17:24:51","date_gmt":"2026-04-25T17:24:51","guid":{"rendered":"https:\/\/anopri.com\/?product=cafetiere-geepas-gcm41514-1l-3en1"},"modified":"2026-04-25T17:24:51","modified_gmt":"2026-04-25T17:24:51","slug":"cafetiere-geepas-gcm41514-1l-3en1","status":"publish","type":"product","link":"https:\/\/anopri.com\/?product=cafetiere-geepas-gcm41514-1l-3en1","title":{"rendered":"Cafeti\u00e8re Geepas GCM41514 -1L 3en1"},"content":{"rendered":"<p>La cafeti\u00e8re expresso 3 en 1 Geepas (capacit\u00e9 de 1,0 L) avec un design moderne et \u00e9l\u00e9gant vous permet de savourer un d\u00e9licieux caf\u00e9 \u00e0 chaque fois.<\/p>\n","protected":false},"excerpt":{"rendered":"<ul>\n<li>Num\u00e9ro de mod\u00e8le :\u00a0<strong>GCM41514<\/strong><\/li>\n<li>Cafeti\u00e8re expresso 3 en 1 Geepas<\/li>\n<li>Capacit\u00e9 : 1,0 L<\/li>\n<li>Syst\u00e8me de capsules avec thermom\u00e8tre<\/li>\n<li>Pression de la pompe de 19 bars<\/li>\n<li>Compatible Nespresso<\/li>\n<li>Capsule Dolce Gusto<\/li>\n<li>Compatible avec la poudre de caf\u00e9<\/li>\n<\/ul>\n","protected":false},"featured_media":10299,"comment_status":"closed","ping_status":"closed","template":"","meta":{"_bst_post_transparent":"","_bst_post_title":"","_bst_post_layout":"","_bst_post_sidebar_id":"","_bst_post_content_style":"","_bst_post_vertical_padding":"","_bst_post_feature":"","_bst_post_feature_position":"","_bst_post_header":false,"_bst_post_footer":false},"product_brand":[],"product_cat":[185,155,145],"product_tag":[],"product_brands":[],"class_list":{"0":"post-10301","1":"product","2":"type-product","3":"status-publish","4":"has-post-thumbnail","6":"product_cat-articles-de-cuisine","7":"product_cat-bouilloire-electrique","8":"product_cat-electromenager","10":"first","11":"instock","12":"shipping-taxable","13":"purchasable","14":"product-type-simple","15":"entry","16":"content-bg","17":"loop-entry"},"_links":{"self":[{"href":"https:\/\/anopri.com\/index.php?rest_route=\/wp\/v2\/product\/10301","targetHints":{"allow":["GET"]}}],"collection":[{"href":"https:\/\/anopri.com\/index.php?rest_route=\/wp\/v2\/product"}],"about":[{"href":"https:\/\/anopri.com\/index.php?rest_route=\/wp\/v2\/types\/product"}],"replies":[{"embeddable":true,"href":"https:\/\/anopri.com\/index.php?rest_route=%2Fwp%2Fv2%2Fcomments&post=10301"}],"wp:featuredmedia":[{"embeddable":true,"href":"https:\/\/anopri.com\/index.php?rest_route=\/wp\/v2\/media\/10299"}],"wp:attachment":[{"href":"https:\/\/anopri.com\/index.php?rest_route=%2Fwp%2Fv2%2Fmedia&parent=10301"}],"wp:term":[{"taxonomy":"product_brand","embeddable":true,"href":"https:\/\/anopri.com\/index.php?rest_route=%2Fwp%2Fv2%2Fproduct_brand&post=10301"},{"taxonomy":"product_cat","embeddable":true,"href":"https:\/\/anopri.com\/index.php?rest_route=%2Fwp%2Fv2%2Fproduct_cat&post=10301"},{"taxonomy":"product_tag","embeddable":true,"href":"https:\/\/anopri.com\/index.php?rest_route=%2Fwp%2Fv2%2Fproduct_tag&post=10301"},{"taxonomy":"product_brands","embeddable":true,"href":"https:\/\/anopri.com\/index.php?rest_route=%2Fwp%2Fv2%2Fproduct_brands&post=10301"}],"curies":[{"name":"wp","href":"https:\/\/api.w.org\/{rel}","templated":true}]}}