{"id":10298,"date":"2026-04-25T17:24:51","date_gmt":"2026-04-25T17:24:51","guid":{"rendered":"https:\/\/anopri.com\/?product=deshydrateur-alimentaire-bm-a1808"},"modified":"2026-04-25T17:24:51","modified_gmt":"2026-04-25T17:24:51","slug":"deshydrateur-alimentaire-bm-a1808","status":"publish","type":"product","link":"https:\/\/anopri.com\/?product=deshydrateur-alimentaire-bm-a1808","title":{"rendered":"Deshydrateur Alimentaire BM-A1808"},"content":{"rendered":"<p><span>Le cuiseur vapeur \u00e9lectrique Boma A1808, d&#8217;une grande capacit\u00e9 de 18 L et dot\u00e9 de trois niveaux, permet de pr\u00e9parer trois repas par jour et de savourer des aliments sains. Ses trois niveaux peuvent accueillir des plats de diff\u00e9rentes formes pour r\u00e9pondre aux besoins de toute la famille. Ce cuiseur vapeur \u00e9lectrique diffuse rapidement la vapeur pour une cuisson sans feu. Il cuit les aliments uniform\u00e9ment de bas en haut tout en pr\u00e9servant leur humidit\u00e9. Sa cuisson est rapide en 10 minutes. M\u00eame r\u00e9chauff\u00e9, le plat ne sera pas sec. La grille de cuisson rectangulaire offre une grande capacit\u00e9 et se remplit sans avoir \u00e0 prendre une assiette, pour des plats frais et tendres. Un d\u00e9lice !<\/span><br \/>\n<span>La vapeur haute puissance de 800 W p\u00e9n\u00e8tre directement \u00e0 l&#8217;int\u00e9rieur des aliments, tandis que la vapeur haute temp\u00e9rature \u00e0 360\u00b0 les rassemble couche par couche pour en rehausser la fra\u00eecheur et la tendret\u00e9. Entre amis, vous pouvez bien s\u00fbr les r\u00e9galer avec de d\u00e9licieux plats. Devenez un v\u00e9ritable ma\u00eetre cuisinier \u00e0 la maison. Trois \u00e9tapes simples : placez le r\u00e9servoir d&#8217;eau, placez les aliments et allumez l&#8217;appareil pour s\u00e9lectionner le menu. La grille vapeur est con\u00e7ue pour d\u00e9vier l&#8217;eau de condensation et la r\u00e9partir autour de l&#8217;appareil, r\u00e9duisant ainsi le risque d&#8217;humidit\u00e9 des l\u00e9gumes et des petits pains cuits \u00e0 la vapeur.<\/span><\/p>\n","protected":false},"excerpt":{"rendered":"<p>Le cuiseur vapeur \u00e9lectrique Boma A1808, d&#8217;une grande capacit\u00e9 de 18 L et dot\u00e9 de trois niveaux, permet de pr\u00e9parer trois repas par jour et de savourer des aliments sains. Ses trois niveaux peuvent accueillir des plats de diff\u00e9rentes formes pour r\u00e9pondre aux besoins de toute la famille. Ce cuiseur vapeur \u00e9lectrique diffuse rapidement la&#8230;<\/p>\n","protected":false},"featured_media":10297,"comment_status":"closed","ping_status":"closed","template":"","meta":{"_bst_post_transparent":"","_bst_post_title":"","_bst_post_layout":"","_bst_post_sidebar_id":"","_bst_post_content_style":"","_bst_post_vertical_padding":"","_bst_post_feature":"","_bst_post_feature_position":"","_bst_post_header":false,"_bst_post_footer":false},"product_brand":[],"product_cat":[146,185,145],"product_tag":[],"product_brands":[],"class_list":{"0":"post-10298","1":"product","2":"type-product","3":"status-publish","4":"has-post-thumbnail","6":"product_cat-appareils-de-cuisson","7":"product_cat-articles-de-cuisine","8":"product_cat-electromenager","10":"first","11":"instock","12":"shipping-taxable","13":"purchasable","14":"product-type-simple","15":"entry","16":"content-bg","17":"loop-entry"},"_links":{"self":[{"href":"https:\/\/anopri.com\/index.php?rest_route=\/wp\/v2\/product\/10298","targetHints":{"allow":["GET"]}}],"collection":[{"href":"https:\/\/anopri.com\/index.php?rest_route=\/wp\/v2\/product"}],"about":[{"href":"https:\/\/anopri.com\/index.php?rest_route=\/wp\/v2\/types\/product"}],"replies":[{"embeddable":true,"href":"https:\/\/anopri.com\/index.php?rest_route=%2Fwp%2Fv2%2Fcomments&post=10298"}],"wp:featuredmedia":[{"embeddable":true,"href":"https:\/\/anopri.com\/index.php?rest_route=\/wp\/v2\/media\/10297"}],"wp:attachment":[{"href":"https:\/\/anopri.com\/index.php?rest_route=%2Fwp%2Fv2%2Fmedia&parent=10298"}],"wp:term":[{"taxonomy":"product_brand","embeddable":true,"href":"https:\/\/anopri.com\/index.php?rest_route=%2Fwp%2Fv2%2Fproduct_brand&post=10298"},{"taxonomy":"product_cat","embeddable":true,"href":"https:\/\/anopri.com\/index.php?rest_route=%2Fwp%2Fv2%2Fproduct_cat&post=10298"},{"taxonomy":"product_tag","embeddable":true,"href":"https:\/\/anopri.com\/index.php?rest_route=%2Fwp%2Fv2%2Fproduct_tag&post=10298"},{"taxonomy":"product_brands","embeddable":true,"href":"https:\/\/anopri.com\/index.php?rest_route=%2Fwp%2Fv2%2Fproduct_brands&post=10298"}],"curies":[{"name":"wp","href":"https:\/\/api.w.org\/{rel}","templated":true}]}}