{"id":10293,"date":"2026-04-25T17:24:45","date_gmt":"2026-04-25T17:24:45","guid":{"rendered":"https:\/\/anopri.com\/?product=refrigerateur-vitre-hisense-fl37fc-282-litres"},"modified":"2026-04-25T17:24:45","modified_gmt":"2026-04-25T17:24:45","slug":"refrigerateur-vitre-hisense-fl37fc-282-litres","status":"publish","type":"product","link":"https:\/\/anopri.com\/?product=refrigerateur-vitre-hisense-fl37fc-282-litres","title":{"rendered":"REFRIGERATEUR VITRE HISENSE  FL37FC- 282 LITRES"},"content":{"rendered":"<p>Le r\u00e9frig\u00e9rateur vitr\u00e9 \u00e0 Boissons 282 L blanc sign\u00e9 HISENSE est l&#8217;incarnation de l&#8217;\u00e9l\u00e9gance et de la fonctionnalit\u00e9. Arborant une couleur argent\u00e9e qui s&#8217;int\u00e8gre parfaitement dans tout d\u00e9cor, ce mod\u00e8le FL-37FCD de HISENSE offre un g\u00e9n\u00e9reux volume net de 282 litres pour conserver vos boissons pr\u00e9f\u00e9r\u00e9es. Gr\u00e2ce \u00e0 sa classe \u00e9nerg\u00e9tique A+ et \u00e0 la technologie NoFrost, ce r\u00e9frig\u00e9rateur vous offre une efficacit\u00e9 \u00e9nerg\u00e9tique optimale tout en \u00e9liminant la corv\u00e9e du d\u00e9givrage. Avec ses 4 \u00e9tag\u00e8res filaires r\u00e9glables, vous pouvez organiser l&#8217;int\u00e9rieur selon vos besoins. La r\u00e9gulation m\u00e9canique de la temp\u00e9rature avec thermostat r\u00e9glable vous permet aussi de maintenir vos boissons \u00e0 la temp\u00e9rature id\u00e9ale, entre 0\u00b0C et 6,6\u00b0C.<\/p>\n","protected":false},"excerpt":{"rendered":"<p>Capacit\u00e9 : 282 LITRES<br \/>\nClasse climatique : ST<br \/>\nR\u00e9frig\u00e9rant : R600a<br \/>\nPuissance consomm\u00e9e : 2.6kW\u00b7h\u221524h<br \/>\nDimensions (L x H x P) : 54*198.5*57.5 cm<br \/>\nAlimentation 220-240 V \/ 50 Hz<br \/>\nPoids : 72 Kg<br \/>\nNo Frost<br \/>\nConception de grande capacit\u00e9 pour un meilleur effet de pr\u00e9sentation<br \/>\nTraitement \u00e0 la mousse de bas en haut pour une intensit\u00e9 fiable<br \/>\nVerre Tremp\u00e9 Double Couche<br \/>\n\u00c9vaporateur \u00e0 ailettes + conception de refroidissement par le vent du moteur de ventilateur<br \/>\nMoteur de ventilateur de condenseur en fil d&#8217;acier<br \/>\nFonction de fermeture automatique de la porte<br \/>\nQuatre roues omnidirectionnelles pour un d\u00e9placement facile<\/p>\n","protected":false},"featured_media":10290,"comment_status":"closed","ping_status":"closed","template":"","meta":{"_bst_post_transparent":"","_bst_post_title":"","_bst_post_layout":"","_bst_post_sidebar_id":"","_bst_post_content_style":"","_bst_post_vertical_padding":"","_bst_post_feature":"","_bst_post_feature_position":"","_bst_post_header":false,"_bst_post_footer":false},"product_brand":[],"product_cat":[145,157],"product_tag":[],"product_brands":[],"class_list":{"0":"post-10293","1":"product","2":"type-product","3":"status-publish","4":"has-post-thumbnail","6":"product_cat-electromenager","7":"product_cat-refrigerateur","9":"first","10":"instock","11":"sale","12":"shipping-taxable","13":"purchasable","14":"product-type-simple","15":"entry","16":"content-bg","17":"loop-entry"},"_links":{"self":[{"href":"https:\/\/anopri.com\/index.php?rest_route=\/wp\/v2\/product\/10293","targetHints":{"allow":["GET"]}}],"collection":[{"href":"https:\/\/anopri.com\/index.php?rest_route=\/wp\/v2\/product"}],"about":[{"href":"https:\/\/anopri.com\/index.php?rest_route=\/wp\/v2\/types\/product"}],"replies":[{"embeddable":true,"href":"https:\/\/anopri.com\/index.php?rest_route=%2Fwp%2Fv2%2Fcomments&post=10293"}],"wp:featuredmedia":[{"embeddable":true,"href":"https:\/\/anopri.com\/index.php?rest_route=\/wp\/v2\/media\/10290"}],"wp:attachment":[{"href":"https:\/\/anopri.com\/index.php?rest_route=%2Fwp%2Fv2%2Fmedia&parent=10293"}],"wp:term":[{"taxonomy":"product_brand","embeddable":true,"href":"https:\/\/anopri.com\/index.php?rest_route=%2Fwp%2Fv2%2Fproduct_brand&post=10293"},{"taxonomy":"product_cat","embeddable":true,"href":"https:\/\/anopri.com\/index.php?rest_route=%2Fwp%2Fv2%2Fproduct_cat&post=10293"},{"taxonomy":"product_tag","embeddable":true,"href":"https:\/\/anopri.com\/index.php?rest_route=%2Fwp%2Fv2%2Fproduct_tag&post=10293"},{"taxonomy":"product_brands","embeddable":true,"href":"https:\/\/anopri.com\/index.php?rest_route=%2Fwp%2Fv2%2Fproduct_brands&post=10293"}],"curies":[{"name":"wp","href":"https:\/\/api.w.org\/{rel}","templated":true}]}}