{"id":10286,"date":"2026-04-25T17:24:43","date_gmt":"2026-04-25T17:24:43","guid":{"rendered":"https:\/\/anopri.com\/?product=plaque-chauffante-electrique-raf-r-8014-2500w"},"modified":"2026-04-25T17:24:43","modified_gmt":"2026-04-25T17:24:43","slug":"plaque-chauffante-electrique-raf-r-8014-2500w","status":"publish","type":"product","link":"https:\/\/anopri.com\/?product=plaque-chauffante-electrique-raf-r-8014-2500w","title":{"rendered":"Plaque Chauffante \u00e9lectrique RAF-R.8014 -2500W"},"content":{"rendered":"<p>Fabriqu\u00e9e en acier inoxydable de haute qualit\u00e9, cette cuisini\u00e8re \u00e9lectrique est durable et con\u00e7ue pour durer. Avec une puissance de\u00a0 2500 W, elle chauffe rapidement et efficacement, ce qui facilite la cuisson. La cuisini\u00e8re a une grande capacit\u00e9, parfaite pour cuisiner de grandes quantit\u00e9s de vos plats pr\u00e9f\u00e9r\u00e9s. Que vous mijotiez un rago\u00fbt ou que vous fassiez frire des \u0153ufs, cette cuisini\u00e8re \u00e9lectrique est \u00e0 la hauteur de la t\u00e2che. Elle est facile \u00e0 utiliser et \u00e0 nettoyer, ce qui en fait un excellent ajout \u00e0 toute cuisine. Parfait pour ceux qui aiment cuisiner, la cuisini\u00e8re \u00e9lectrique RAF 2500 W est un appareil polyvalent et fiable qui fera de la pr\u00e9paration des repas un jeu d&#8217;enfant.<\/p>\n","protected":false},"excerpt":{"rendered":"<ul class=\"a-unordered-list a-vertical a-spacing-mini\">\n<li class=\"a-spacing-mini\"><span class=\"a-list-item\"><span>Puissance : 2500W<\/span><\/span><\/li>\n<li class=\"a-spacing-mini\"><span class=\"a-list-item\"><span>Mat\u00e9riau du bo\u00eetier : c\u00e9ramique et verre<\/span><\/span><\/li>\n<li class=\"a-spacing-mini\"><span class=\"a-list-item\"><span>Poids : 7 kg<\/span><\/span><\/li>\n<li class=\"a-spacing-mini\"><span class=\"a-list-item\"><span>Tension : 220 V<\/span><\/span><\/li>\n<li class=\"a-spacing-mini\"><span class=\"a-list-item\"><span>Taille du produit : (75 x 11,2 x 44) cm<\/span><\/span><\/li>\n<li class=\"\" data-spm-anchor-id=\"a2a0e.pdp_revamp.product_detail.i0.2ef11169bIZiJz\"><span><span data-spm-anchor-id=\"a2a0e.pdp_revamp.product_detail.i1.2ef11169bIZiJz\">Parfait pour la cuisson lente dans les petites cuisines.<\/span><\/span><\/li>\n<\/ul>\n","protected":false},"featured_media":10283,"comment_status":"closed","ping_status":"closed","template":"","meta":{"_bst_post_transparent":"","_bst_post_title":"","_bst_post_layout":"","_bst_post_sidebar_id":"","_bst_post_content_style":"","_bst_post_vertical_padding":"","_bst_post_feature":"","_bst_post_feature_position":"","_bst_post_header":false,"_bst_post_footer":false},"product_brand":[],"product_cat":[151,150,145,161],"product_tag":[],"product_brands":[],"class_list":{"0":"post-10286","1":"product","2":"type-product","3":"status-publish","4":"has-post-thumbnail","6":"product_cat-cuisiniere","7":"product_cat-cuisiniere-et-plaque-a-gaz","8":"product_cat-electromenager","9":"product_cat-plaque-a-gaz","11":"first","12":"instock","13":"shipping-taxable","14":"purchasable","15":"product-type-simple","16":"entry","17":"content-bg","18":"loop-entry"},"_links":{"self":[{"href":"https:\/\/anopri.com\/index.php?rest_route=\/wp\/v2\/product\/10286","targetHints":{"allow":["GET"]}}],"collection":[{"href":"https:\/\/anopri.com\/index.php?rest_route=\/wp\/v2\/product"}],"about":[{"href":"https:\/\/anopri.com\/index.php?rest_route=\/wp\/v2\/types\/product"}],"replies":[{"embeddable":true,"href":"https:\/\/anopri.com\/index.php?rest_route=%2Fwp%2Fv2%2Fcomments&post=10286"}],"wp:featuredmedia":[{"embeddable":true,"href":"https:\/\/anopri.com\/index.php?rest_route=\/wp\/v2\/media\/10283"}],"wp:attachment":[{"href":"https:\/\/anopri.com\/index.php?rest_route=%2Fwp%2Fv2%2Fmedia&parent=10286"}],"wp:term":[{"taxonomy":"product_brand","embeddable":true,"href":"https:\/\/anopri.com\/index.php?rest_route=%2Fwp%2Fv2%2Fproduct_brand&post=10286"},{"taxonomy":"product_cat","embeddable":true,"href":"https:\/\/anopri.com\/index.php?rest_route=%2Fwp%2Fv2%2Fproduct_cat&post=10286"},{"taxonomy":"product_tag","embeddable":true,"href":"https:\/\/anopri.com\/index.php?rest_route=%2Fwp%2Fv2%2Fproduct_tag&post=10286"},{"taxonomy":"product_brands","embeddable":true,"href":"https:\/\/anopri.com\/index.php?rest_route=%2Fwp%2Fv2%2Fproduct_brands&post=10286"}],"curies":[{"name":"wp","href":"https:\/\/api.w.org\/{rel}","templated":true}]}}