{"id":10276,"date":"2026-04-25T17:24:40","date_gmt":"2026-04-25T17:24:40","guid":{"rendered":"https:\/\/anopri.com\/?product=mixeur-blender-sovio-2-en-1-500-watts-so301-6"},"modified":"2026-04-25T17:24:40","modified_gmt":"2026-04-25T17:24:40","slug":"mixeur-blender-sovio-2-en-1-500-watts-so301-6","status":"publish","type":"product","link":"https:\/\/anopri.com\/?product=mixeur-blender-sovio-2-en-1-500-watts-so301-6","title":{"rendered":"MIXEUR Blender Sovio \u2013 2 en 1 \u2013 500 watts \u2013 SO301-6"},"content":{"rendered":"<ul>\n<li><span style=\"--tw-border-spacing-x: 0; --tw-border-spacing-y: 0; --tw-translate-x: 0; --tw-translate-y: 0; --tw-rotate: 0; --tw-skew-x: 0; --tw-skew-y: 0; --tw-scale-x: 1; --tw-scale-y: 1; ;--tw-scroll-snap-strictness: proximity; ;--tw-ring-offset-width: 0px; --tw-ring-offset-color: #fff; --tw-ring-offset-shadow: 0 0 transparent; --tw-ring-shadow: 0 0 transparent; --tw-shadow: 0 0 transparent; --tw-shadow-colored: 0 0 transparent; ;font-weight: 600; color: var(--tw-prose-bold);\">Puissance de 500 Watts :<\/span>\u00a0Dot\u00e9 d\u2019un moteur robuste de 500 watts, ce blender offre une puissance suffisante pour m\u00e9langer efficacement une grande vari\u00e9t\u00e9 d\u2019ingr\u00e9dients, des fruits et l\u00e9gumes aux gla\u00e7ons et aux noix.<\/li>\n<li><span style=\"--tw-border-spacing-x: 0; --tw-border-spacing-y: 0; --tw-translate-x: 0; --tw-translate-y: 0; --tw-rotate: 0; --tw-skew-x: 0; --tw-skew-y: 0; --tw-scale-x: 1; --tw-scale-y: 1; ;--tw-scroll-snap-strictness: proximity; ;--tw-ring-offset-width: 0px; --tw-ring-offset-color: #fff; --tw-ring-offset-shadow: 0 0 transparent; --tw-ring-shadow: 0 0 transparent; --tw-shadow: 0 0 transparent; --tw-shadow-colored: 0 0 transparent; ;font-weight: 600; color: var(--tw-prose-bold);\">Fonction 2 en 1 :<\/span>\u00a0Ce blender est \u00e9quip\u00e9 d\u2019un bol m\u00e9langeur amovible et d\u2019un gobelet \u00e0 emporter, offrant ainsi une polyvalence d\u2019utilisation pour r\u00e9pondre \u00e0 tous vos besoins de pr\u00e9paration culinaire, que ce soit \u00e0 la maison ou en d\u00e9placement.<\/li>\n<li><span style=\"--tw-border-spacing-x: 0; --tw-border-spacing-y: 0; --tw-translate-x: 0; --tw-translate-y: 0; --tw-rotate: 0; --tw-skew-x: 0; --tw-skew-y: 0; --tw-scale-x: 1; --tw-scale-y: 1; ;--tw-scroll-snap-strictness: proximity; ;--tw-ring-offset-width: 0px; --tw-ring-offset-color: #fff; --tw-ring-offset-shadow: 0 0 transparent; --tw-ring-shadow: 0 0 transparent; --tw-shadow: 0 0 transparent; --tw-shadow-colored: 0 0 transparent; ;font-weight: 600; color: var(--tw-prose-bold);\">Lames en Acier Inoxydable :<\/span>\u00a0Les lames tranchantes en acier inoxydable garantissent un m\u00e9lange uniforme et efficace de tous les ingr\u00e9dients, assurant ainsi des r\u00e9sultats lisses et homog\u00e8nes \u00e0 chaque utilisation.<\/li>\n<li><span style=\"--tw-border-spacing-x: 0; --tw-border-spacing-y: 0; --tw-translate-x: 0; --tw-translate-y: 0; --tw-rotate: 0; --tw-skew-x: 0; --tw-skew-y: 0; --tw-scale-x: 1; --tw-scale-y: 1; ;--tw-scroll-snap-strictness: proximity; ;--tw-ring-offset-width: 0px; --tw-ring-offset-color: #fff; --tw-ring-offset-shadow: 0 0 transparent; --tw-ring-shadow: 0 0 transparent; --tw-shadow: 0 0 transparent; --tw-shadow-colored: 0 0 transparent; ;font-weight: 600; color: var(--tw-prose-bold);\">Deux Vitesses R\u00e9glables :<\/span>\u00a0Les deux vitesses r\u00e9glables vous permettent d\u2019ajuster facilement la vitesse de m\u00e9lange en fonction de la texture d\u00e9sir\u00e9e de votre pr\u00e9paration, pour des r\u00e9sultats sur mesure \u00e0 chaque fois.<\/li>\n<li><span style=\"--tw-border-spacing-x: 0; --tw-border-spacing-y: 0; --tw-translate-x: 0; --tw-translate-y: 0; --tw-rotate: 0; --tw-skew-x: 0; --tw-skew-y: 0; --tw-scale-x: 1; --tw-scale-y: 1; ;--tw-scroll-snap-strictness: proximity; ;--tw-ring-offset-width: 0px; --tw-ring-offset-color: #fff; --tw-ring-offset-shadow: 0 0 transparent; --tw-ring-shadow: 0 0 transparent; --tw-shadow: 0 0 transparent; --tw-shadow-colored: 0 0 transparent; ;font-weight: 600; color: var(--tw-prose-bold);\">Fonction Pulse :<\/span>\u00a0La fonction pulse vous permet d\u2019obtenir une texture parfaite en quelques pulsations, id\u00e9ale pour hacher finement des ingr\u00e9dients ou pour m\u00e9langer des m\u00e9langes \u00e9pais.<\/li>\n<li><span style=\"--tw-border-spacing-x: 0; --tw-border-spacing-y: 0; --tw-translate-x: 0; --tw-translate-y: 0; --tw-rotate: 0; --tw-skew-x: 0; --tw-skew-y: 0; --tw-scale-x: 1; --tw-scale-y: 1; ;--tw-scroll-snap-strictness: proximity; ;--tw-ring-offset-width: 0px; --tw-ring-offset-color: #fff; --tw-ring-offset-shadow: 0 0 transparent; --tw-ring-shadow: 0 0 transparent; --tw-shadow: 0 0 transparent; --tw-shadow-colored: 0 0 transparent; ;font-weight: 600; color: var(--tw-prose-bold);\">Design Compact et \u00c9l\u00e9gant :<\/span>\u00a0Avec son design compact et \u00e9l\u00e9gant, ce blender s\u2019int\u00e8gre parfaitement dans n\u2019importe quelle cuisine, tout en offrant une performance exceptionnelle et un rangement pratique.<\/li>\n<li><span style=\"--tw-border-spacing-x: 0; --tw-border-spacing-y: 0; --tw-translate-x: 0; --tw-translate-y: 0; --tw-rotate: 0; --tw-skew-x: 0; --tw-skew-y: 0; --tw-scale-x: 1; --tw-scale-y: 1; ;--tw-scroll-snap-strictness: proximity; ;--tw-ring-offset-width: 0px; --tw-ring-offset-color: #fff; --tw-ring-offset-shadow: 0 0 transparent; --tw-ring-shadow: 0 0 transparent; --tw-shadow: 0 0 transparent; --tw-shadow-colored: 0 0 transparent; ;font-weight: 600; color: var(--tw-prose-bold);\">Facile \u00e0 Nettoyer :<\/span>\u00a0Toutes les pi\u00e8ces d\u00e9tachables sont faciles \u00e0 d\u00e9monter et lavables au lave-vaisselle, vous permettant ainsi de nettoyer votre blender en toute simplicit\u00e9 apr\u00e8s chaque utilisation.<\/li>\n<\/ul>\n","protected":false},"excerpt":{"rendered":"<ul>\n<li>\n<h3><strong>Blender SOVIO 2en1<\/strong><\/h3>\n<\/li>\n<li>\n<h3><strong>Puissance Moteur :<\/strong>\u00a0500 Watts<\/h3>\n<\/li>\n<li>\n<h3><strong>Tension :\u00a0<\/strong>220 V<\/h3>\n<\/li>\n<li>\n<h3><strong>Lames\u00a0en acier inoxydable<\/strong><\/h3>\n<\/li>\n<li>\n<h3><strong>Capacit\u00e9: 1.5l<\/strong><\/h3>\n<\/li>\n<li><strong>Garantie: 1 mois<\/strong><\/li>\n<\/ul>\n","protected":false},"featured_media":10274,"comment_status":"closed","ping_status":"closed","template":"","meta":{"_bst_post_transparent":"","_bst_post_title":"","_bst_post_layout":"","_bst_post_sidebar_id":"","_bst_post_content_style":"","_bst_post_vertical_padding":"","_bst_post_feature":"","_bst_post_feature_position":"","_bst_post_header":false,"_bst_post_footer":false},"product_brand":[],"product_cat":[145,182],"product_tag":[],"product_brands":[],"class_list":{"0":"post-10276","1":"product","2":"type-product","3":"status-publish","4":"has-post-thumbnail","6":"product_cat-electromenager","7":"product_cat-mixeurs-blenders","9":"first","10":"instock","11":"shipping-taxable","12":"purchasable","13":"product-type-simple","14":"entry","15":"content-bg","16":"loop-entry"},"_links":{"self":[{"href":"https:\/\/anopri.com\/index.php?rest_route=\/wp\/v2\/product\/10276","targetHints":{"allow":["GET"]}}],"collection":[{"href":"https:\/\/anopri.com\/index.php?rest_route=\/wp\/v2\/product"}],"about":[{"href":"https:\/\/anopri.com\/index.php?rest_route=\/wp\/v2\/types\/product"}],"replies":[{"embeddable":true,"href":"https:\/\/anopri.com\/index.php?rest_route=%2Fwp%2Fv2%2Fcomments&post=10276"}],"wp:featuredmedia":[{"embeddable":true,"href":"https:\/\/anopri.com\/index.php?rest_route=\/wp\/v2\/media\/10274"}],"wp:attachment":[{"href":"https:\/\/anopri.com\/index.php?rest_route=%2Fwp%2Fv2%2Fmedia&parent=10276"}],"wp:term":[{"taxonomy":"product_brand","embeddable":true,"href":"https:\/\/anopri.com\/index.php?rest_route=%2Fwp%2Fv2%2Fproduct_brand&post=10276"},{"taxonomy":"product_cat","embeddable":true,"href":"https:\/\/anopri.com\/index.php?rest_route=%2Fwp%2Fv2%2Fproduct_cat&post=10276"},{"taxonomy":"product_tag","embeddable":true,"href":"https:\/\/anopri.com\/index.php?rest_route=%2Fwp%2Fv2%2Fproduct_tag&post=10276"},{"taxonomy":"product_brands","embeddable":true,"href":"https:\/\/anopri.com\/index.php?rest_route=%2Fwp%2Fv2%2Fproduct_brands&post=10276"}],"curies":[{"name":"wp","href":"https:\/\/api.w.org\/{rel}","templated":true}]}}