{"id":10273,"date":"2026-04-25T17:24:39","date_gmt":"2026-04-25T17:24:39","guid":{"rendered":"https:\/\/anopri.com\/?product=mixeur-sur-socle-multifonction-raf-r6603-1800w-8l"},"modified":"2026-04-25T17:24:39","modified_gmt":"2026-04-25T17:24:39","slug":"mixeur-sur-socle-multifonction-raf-r6603-1800w-8l","status":"publish","type":"product","link":"https:\/\/anopri.com\/?product=mixeur-sur-socle-multifonction-raf-r6603-1800w-8l","title":{"rendered":"Mixeur sur socle multifonction RAF &#8211; R6603 1800W-8L"},"content":{"rendered":"<p>Moteur en cuivre puissant avec plaque \u00e9lectrique Hall Puissance nominale : 1800 W R\u00e9glage de la vitesse : 6 vitesses avec interrupteur \u00e0 LED turbo Mat\u00e9riau : bo\u00eetier en ABS, bol en acier inoxydable Trois jeux de pi\u00e8ces de rechange (crochet p\u00e9trisseur, batteur plat, fouet m\u00e9tallique) Avec affichage LED du temps de travail Bol de mixage en acier inoxydable de 8 L Conception \u00e0 faible bruit Pi\u00e8ces d\u00e9tachables faciles \u00e0 nettoyer Rotation plan\u00e9taire avec conception anti-fuite pour m\u00e9langer soigneusement et en toute s\u00e9curit\u00e9 Pieds en caoutchouc antid\u00e9rapants M\u00e9canisme de levage avec interrupteur de s\u00e9curit\u00e9 pour une utilisation s\u00fbre et facile 220-240 V, 50-60 Hz<\/p>\n","protected":false},"excerpt":{"rendered":"<table>\n<tbody>\n<tr>\n<td>Mod\u00e8le<\/td>\n<td>R6603<\/td>\n<\/tr>\n<tr>\n<td>Capacit\u00e9<\/td>\n<td>8 L<\/td>\n<\/tr>\n<tr>\n<td>Puissance<\/td>\n<td>1800 W<\/td>\n<\/tr>\n<tr>\n<td>Num\u00e9ro de mod\u00e8le<\/td>\n<td>R6603<\/td>\n<\/tr>\n<tr>\n<td>Nom du mod\u00e8le<\/td>\n<td>R6603<\/td>\n<\/tr>\n<\/tbody>\n<\/table>\n","protected":false},"featured_media":10271,"comment_status":"closed","ping_status":"closed","template":"","meta":{"_bst_post_transparent":"","_bst_post_title":"","_bst_post_layout":"","_bst_post_sidebar_id":"","_bst_post_content_style":"","_bst_post_vertical_padding":"","_bst_post_feature":"","_bst_post_feature_position":"","_bst_post_header":false,"_bst_post_footer":false},"product_brand":[],"product_cat":[145,182],"product_tag":[],"product_brands":[],"class_list":{"0":"post-10273","1":"product","2":"type-product","3":"status-publish","4":"has-post-thumbnail","6":"product_cat-electromenager","7":"product_cat-mixeurs-blenders","9":"first","10":"instock","11":"shipping-taxable","12":"purchasable","13":"product-type-simple","14":"entry","15":"content-bg","16":"loop-entry"},"_links":{"self":[{"href":"https:\/\/anopri.com\/index.php?rest_route=\/wp\/v2\/product\/10273","targetHints":{"allow":["GET"]}}],"collection":[{"href":"https:\/\/anopri.com\/index.php?rest_route=\/wp\/v2\/product"}],"about":[{"href":"https:\/\/anopri.com\/index.php?rest_route=\/wp\/v2\/types\/product"}],"replies":[{"embeddable":true,"href":"https:\/\/anopri.com\/index.php?rest_route=%2Fwp%2Fv2%2Fcomments&post=10273"}],"wp:featuredmedia":[{"embeddable":true,"href":"https:\/\/anopri.com\/index.php?rest_route=\/wp\/v2\/media\/10271"}],"wp:attachment":[{"href":"https:\/\/anopri.com\/index.php?rest_route=%2Fwp%2Fv2%2Fmedia&parent=10273"}],"wp:term":[{"taxonomy":"product_brand","embeddable":true,"href":"https:\/\/anopri.com\/index.php?rest_route=%2Fwp%2Fv2%2Fproduct_brand&post=10273"},{"taxonomy":"product_cat","embeddable":true,"href":"https:\/\/anopri.com\/index.php?rest_route=%2Fwp%2Fv2%2Fproduct_cat&post=10273"},{"taxonomy":"product_tag","embeddable":true,"href":"https:\/\/anopri.com\/index.php?rest_route=%2Fwp%2Fv2%2Fproduct_tag&post=10273"},{"taxonomy":"product_brands","embeddable":true,"href":"https:\/\/anopri.com\/index.php?rest_route=%2Fwp%2Fv2%2Fproduct_brands&post=10273"}],"curies":[{"name":"wp","href":"https:\/\/api.w.org\/{rel}","templated":true}]}}