{"id":10260,"date":"2026-04-25T17:24:36","date_gmt":"2026-04-25T17:24:36","guid":{"rendered":"https:\/\/anopri.com\/?product=machine-a-lave-semi-automatique-hisense-capacite-7-5kg"},"modified":"2026-04-25T17:24:36","modified_gmt":"2026-04-25T17:24:36","slug":"machine-a-lave-semi-automatique-hisense-capacite-7-5kg","status":"publish","type":"product","link":"https:\/\/anopri.com\/?product=machine-a-lave-semi-automatique-hisense-capacite-7-5kg","title":{"rendered":"Machine \u00e0 Lave Semi Automatique HISENSE \u2013 Capacit\u00e9 7.5Kg"},"content":{"rendered":"<p><strong>\u00a0Machine \u00e0 laver semi automatique\u00a0<\/strong>capacit\u00e9<strong>\u00a07.5kg\u00a0<\/strong>de marque\u00a0<strong>HISENSE WSJA751<\/strong>\u00a0, le\u00a0 lave-linge performant et respectueux des textiles est aussi tr\u00e8s \u00e9conomique et prot\u00e8ge vos v\u00eatements pr\u00e9f\u00e9r\u00e9s, en toute s\u00e9r\u00e9nit\u00e9. Selon vos besoins, nos machines vous offrent de grandes capacit\u00e9s pour gagner du temps.<\/p>\n","protected":false},"excerpt":{"rendered":"<ul>\n<li><strong>Type de produit<\/strong>\u00a0 Machine \u00e0 Laver Semi-automatique<\/li>\n<li>Marque :\u00a0\u00a0<strong>Hisense<\/strong><\/li>\n<li><strong>Mod\u00e8le<\/strong>: WSKJA751<\/li>\n<\/ul>\n<ul>\n<li><strong>Capacit\u00e9<\/strong>\u00a0: 7.5Kg<\/li>\n<li><strong>Tension nominale<\/strong>: 220-240 V<\/li>\n<li><strong>S\u00e9lecteurs d\u2019eau<\/strong>: Oui<\/li>\n<li><strong>Fr\u00e9quence<\/strong>: 50Hz<\/li>\n<li><strong>Classe \u00e9nerg\u00e9tique<\/strong>: Classe A+<\/li>\n<\/ul>\n","protected":false},"featured_media":10258,"comment_status":"closed","ping_status":"closed","template":"","meta":{"_bst_post_transparent":"","_bst_post_title":"","_bst_post_layout":"","_bst_post_sidebar_id":"","_bst_post_content_style":"","_bst_post_vertical_padding":"","_bst_post_feature":"","_bst_post_feature_position":"","_bst_post_header":false,"_bst_post_footer":false},"product_brand":[],"product_cat":[145,167],"product_tag":[],"product_brands":[],"class_list":{"0":"post-10260","1":"product","2":"type-product","3":"status-publish","4":"has-post-thumbnail","6":"product_cat-electromenager","7":"product_cat-machine-a-laver-et-seche-linge","9":"first","10":"instock","11":"shipping-taxable","12":"purchasable","13":"product-type-simple","14":"entry","15":"content-bg","16":"loop-entry"},"_links":{"self":[{"href":"https:\/\/anopri.com\/index.php?rest_route=\/wp\/v2\/product\/10260","targetHints":{"allow":["GET"]}}],"collection":[{"href":"https:\/\/anopri.com\/index.php?rest_route=\/wp\/v2\/product"}],"about":[{"href":"https:\/\/anopri.com\/index.php?rest_route=\/wp\/v2\/types\/product"}],"replies":[{"embeddable":true,"href":"https:\/\/anopri.com\/index.php?rest_route=%2Fwp%2Fv2%2Fcomments&post=10260"}],"wp:featuredmedia":[{"embeddable":true,"href":"https:\/\/anopri.com\/index.php?rest_route=\/wp\/v2\/media\/10258"}],"wp:attachment":[{"href":"https:\/\/anopri.com\/index.php?rest_route=%2Fwp%2Fv2%2Fmedia&parent=10260"}],"wp:term":[{"taxonomy":"product_brand","embeddable":true,"href":"https:\/\/anopri.com\/index.php?rest_route=%2Fwp%2Fv2%2Fproduct_brand&post=10260"},{"taxonomy":"product_cat","embeddable":true,"href":"https:\/\/anopri.com\/index.php?rest_route=%2Fwp%2Fv2%2Fproduct_cat&post=10260"},{"taxonomy":"product_tag","embeddable":true,"href":"https:\/\/anopri.com\/index.php?rest_route=%2Fwp%2Fv2%2Fproduct_tag&post=10260"},{"taxonomy":"product_brands","embeddable":true,"href":"https:\/\/anopri.com\/index.php?rest_route=%2Fwp%2Fv2%2Fproduct_brands&post=10260"}],"curies":[{"name":"wp","href":"https:\/\/api.w.org\/{rel}","templated":true}]}}