{"id":10257,"date":"2026-04-25T17:24:34","date_gmt":"2026-04-25T17:24:34","guid":{"rendered":"https:\/\/anopri.com\/?product=barre-de-son-hisense-280w-ax3100g"},"modified":"2026-04-25T17:24:34","modified_gmt":"2026-04-25T17:24:34","slug":"barre-de-son-hisense-280w-ax3100g","status":"publish","type":"product","link":"https:\/\/anopri.com\/?product=barre-de-son-hisense-280w-ax3100g","title":{"rendered":"BARRE DE SON HISENSE 280W &#8211; AX3100G"},"content":{"rendered":"<p>Tr\u00e8s pratique, la barre de son Hisense AX3100G se transforme en enceinte connect\u00e9e gr\u00e2ce \u00e0 l&#8217;int\u00e9gration d&#8217;un module Bluetooth 5.0. Il devient ainsi possible de diffuser de la musique sans fil depuis un smartphone, un baladeur ou tout autre appareil compatible. Vous pouvez ainsi lire des titres en m\u00e9moire ou via des services de musique en ligne comme Spotify, Deezer, Qobuz, etc. Cette liaison Bluetooth peut \u00e9galement \u00eatre mise \u00e0 profit pour relier sans fil un t\u00e9l\u00e9viseur \u00e0 la barre de son.<\/p>\n<p>\u00c0 la fois performante avec ses 280 watts de puissance, pratique avec son caisson de basses et ses enceintes surround sans fil et facile \u00e0 associer gr\u00e2ce \u00e0 sa large connectivit\u00e9, la barre de son Hisense AX3100G est le partenaire id\u00e9al pour am\u00e9liorer le rendu sonore d&#8217;un t\u00e9l\u00e9viseur.<\/p>\n","protected":false},"excerpt":{"rendered":"<ul>\n<li><strong>Conception<\/strong><br \/>\nNombre de canaux : 3.1<br \/>\nNombre de haut-parleurs : 5<br \/>\nCaisson de basses sans fil<\/li>\n<li><strong>Mesures<\/strong><br \/>\nPuissance totale maximale : 280 Watts<br \/>\nPuissance totale RMS : 200 Watts<br \/>\nPuissance du caisson de basses : 60 Watts (RMS)<br \/>\nPlage de fr\u00e9quences : 40 Hz \u2013 20 khz<br \/>\nPression Acoustique : 95,5 dB<\/li>\n<li><strong>Traitement du son<\/strong><br \/>\nDolby Atmos, Dolby TrueHD, Dolby Digital Plus, Dolby Digital, DTS-X, DTS-HD Master, DTS, PCM, Multi Ch. PCM<br \/>\nTypes de formats audios : FLAC \/ WAV \/ ALAC \/ WMA \/ MP3<\/li>\n<li><strong>Connectivit\u00e9<\/strong><br \/>\nHDMI (1)<br \/>\nPrise Optique (1)<br \/>\nPrise Coaxiale (1)<br \/>\nPrise Audio Analogique (Jack 3,5mm) (1)<br \/>\nPrise USB (1)<br \/>\nBluetooth 5.0<\/li>\n<li><strong>Donn\u00e9es \u00e9nerg\u00e9tiques<\/strong><br \/>\nAlimentation : 100 &#8211; 240v<br \/>\nConsommation en veille (Barre De Son) : \u2264 0,5\u00a0 W<br \/>\nConsommation en veille(Caisson) : \u2264 0,5 W<br \/>\nConsommation en marche (Barre De Son) : 20 W<br \/>\nConsommation en marche(Caisson) : 15 W<br \/>\nAllumage automatique : Oui (sauf USB)<br \/>\nExtinction automatique : Oui<\/li>\n<li><strong> Accessoires fournis<\/strong><br \/>\nT\u00e9l\u00e9commande<br \/>\nPiles pour t\u00e9l\u00e9commande : AAA x 2<br \/>\nC\u00e2ble HDMI<br \/>\nC\u00e2ble Optique<br \/>\nC\u00e2ble d&#8217;alimentation<br \/>\nFixation Murale<\/li>\n<\/ul>\n","protected":false},"featured_media":10254,"comment_status":"closed","ping_status":"closed","template":"","meta":{"_bst_post_transparent":"","_bst_post_title":"","_bst_post_layout":"","_bst_post_sidebar_id":"","_bst_post_content_style":"","_bst_post_vertical_padding":"","_bst_post_feature":"","_bst_post_feature_position":"","_bst_post_header":false,"_bst_post_footer":false},"product_brand":[],"product_cat":[165,142,162],"product_tag":[],"product_brands":[],"class_list":{"0":"post-10257","1":"product","2":"type-product","3":"status-publish","4":"has-post-thumbnail","6":"product_cat-barre-de-son","7":"product_cat-electronique","8":"product_cat-enceinte-bluetooth","10":"first","11":"instock","12":"sale","13":"shipping-taxable","14":"purchasable","15":"product-type-simple","16":"entry","17":"content-bg","18":"loop-entry"},"_links":{"self":[{"href":"https:\/\/anopri.com\/index.php?rest_route=\/wp\/v2\/product\/10257","targetHints":{"allow":["GET"]}}],"collection":[{"href":"https:\/\/anopri.com\/index.php?rest_route=\/wp\/v2\/product"}],"about":[{"href":"https:\/\/anopri.com\/index.php?rest_route=\/wp\/v2\/types\/product"}],"replies":[{"embeddable":true,"href":"https:\/\/anopri.com\/index.php?rest_route=%2Fwp%2Fv2%2Fcomments&post=10257"}],"wp:featuredmedia":[{"embeddable":true,"href":"https:\/\/anopri.com\/index.php?rest_route=\/wp\/v2\/media\/10254"}],"wp:attachment":[{"href":"https:\/\/anopri.com\/index.php?rest_route=%2Fwp%2Fv2%2Fmedia&parent=10257"}],"wp:term":[{"taxonomy":"product_brand","embeddable":true,"href":"https:\/\/anopri.com\/index.php?rest_route=%2Fwp%2Fv2%2Fproduct_brand&post=10257"},{"taxonomy":"product_cat","embeddable":true,"href":"https:\/\/anopri.com\/index.php?rest_route=%2Fwp%2Fv2%2Fproduct_cat&post=10257"},{"taxonomy":"product_tag","embeddable":true,"href":"https:\/\/anopri.com\/index.php?rest_route=%2Fwp%2Fv2%2Fproduct_tag&post=10257"},{"taxonomy":"product_brands","embeddable":true,"href":"https:\/\/anopri.com\/index.php?rest_route=%2Fwp%2Fv2%2Fproduct_brands&post=10257"}],"curies":[{"name":"wp","href":"https:\/\/api.w.org\/{rel}","templated":true}]}}