{"id":10253,"date":"2026-04-25T17:24:31","date_gmt":"2026-04-25T17:24:31","guid":{"rendered":"https:\/\/anopri.com\/?product=mixeur-clikon-ck2649-250w"},"modified":"2026-04-25T17:24:31","modified_gmt":"2026-04-25T17:24:31","slug":"mixeur-clikon-ck2649-250w","status":"publish","type":"product","link":"https:\/\/anopri.com\/?product=mixeur-clikon-ck2649-250w","title":{"rendered":"MIXEUR CLIKON CK2649 -250W"},"content":{"rendered":"<h2 class=\"short-desc\"><span>Le moteur puissant Clikon CK2649 250 W r\u00e9pondra \u00e0 toutes vos demandes de m\u00e9lange de smoothies.<\/span><\/h2>\n<p><span>Il est livr\u00e9 avec une bouteille de 300 ml avec ses couvercles et son crochet facile \u00e0 transporter, tr\u00e8s pratique pour les voyages et les loisirs. Bouteille ergonomique con\u00e7ue pour une prise en main confortable et adapt\u00e9e aux porte-gobelets de voiture.<\/span><\/p>\n","protected":false},"excerpt":{"rendered":"<h1><span>Caract\u00e9ristiques:<\/span><\/h1>\n<ul>\n<li>\n<h3><span>Marque : Clikon<\/span><\/h3>\n<\/li>\n<li>\n<h3><span>Puissance : 250W<\/span><\/h3>\n<\/li>\n<li>\n<h3><span>Deux flacons d&#8217;une contenance de 600 ml + 300 ml<\/span><\/h3>\n<\/li>\n<li>\n<h3><span>Coupure de s\u00e9curit\u00e9 par cl\u00e9<\/span><\/h3>\n<\/li>\n<li>\n<h3><span>Facile \u00e0 utiliser et \u00e0 nettoyer<\/span><\/h3>\n<\/li>\n<li>\n<h3><span>Bases en caoutchouc antid\u00e9rapantes<\/span><\/h3>\n<\/li>\n<li>\n<h3><span>Protection contre la surchauffe avec deux niveaux de contr\u00f4le de vitesse<\/span><\/h3>\n<\/li>\n<\/ul>\n","protected":false},"featured_media":9206,"comment_status":"closed","ping_status":"closed","template":"","meta":{"_bst_post_transparent":"","_bst_post_title":"","_bst_post_layout":"","_bst_post_sidebar_id":"","_bst_post_content_style":"","_bst_post_vertical_padding":"","_bst_post_feature":"","_bst_post_feature_position":"","_bst_post_header":false,"_bst_post_footer":false},"product_brand":[],"product_cat":[145,182],"product_tag":[],"product_brands":[],"class_list":{"0":"post-10253","1":"product","2":"type-product","3":"status-publish","4":"has-post-thumbnail","6":"product_cat-electromenager","7":"product_cat-mixeurs-blenders","9":"first","10":"instock","11":"shipping-taxable","12":"purchasable","13":"product-type-simple","14":"entry","15":"content-bg","16":"loop-entry"},"_links":{"self":[{"href":"https:\/\/anopri.com\/index.php?rest_route=\/wp\/v2\/product\/10253","targetHints":{"allow":["GET"]}}],"collection":[{"href":"https:\/\/anopri.com\/index.php?rest_route=\/wp\/v2\/product"}],"about":[{"href":"https:\/\/anopri.com\/index.php?rest_route=\/wp\/v2\/types\/product"}],"replies":[{"embeddable":true,"href":"https:\/\/anopri.com\/index.php?rest_route=%2Fwp%2Fv2%2Fcomments&post=10253"}],"wp:featuredmedia":[{"embeddable":true,"href":"https:\/\/anopri.com\/index.php?rest_route=\/wp\/v2\/media\/9206"}],"wp:attachment":[{"href":"https:\/\/anopri.com\/index.php?rest_route=%2Fwp%2Fv2%2Fmedia&parent=10253"}],"wp:term":[{"taxonomy":"product_brand","embeddable":true,"href":"https:\/\/anopri.com\/index.php?rest_route=%2Fwp%2Fv2%2Fproduct_brand&post=10253"},{"taxonomy":"product_cat","embeddable":true,"href":"https:\/\/anopri.com\/index.php?rest_route=%2Fwp%2Fv2%2Fproduct_cat&post=10253"},{"taxonomy":"product_tag","embeddable":true,"href":"https:\/\/anopri.com\/index.php?rest_route=%2Fwp%2Fv2%2Fproduct_tag&post=10253"},{"taxonomy":"product_brands","embeddable":true,"href":"https:\/\/anopri.com\/index.php?rest_route=%2Fwp%2Fv2%2Fproduct_brands&post=10253"}],"curies":[{"name":"wp","href":"https:\/\/api.w.org\/{rel}","templated":true}]}}