{"id":10243,"date":"2026-04-25T17:24:29","date_gmt":"2026-04-25T17:24:29","guid":{"rendered":"https:\/\/anopri.com\/?product=plaque-chauffante-double-clikon-ck4286-2500w"},"modified":"2026-04-25T17:24:29","modified_gmt":"2026-04-25T17:24:29","slug":"plaque-chauffante-double-clikon-ck4286-2500w","status":"publish","type":"product","link":"https:\/\/anopri.com\/?product=plaque-chauffante-double-clikon-ck4286-2500w","title":{"rendered":"PLAQUE CHAUFFANTE DOUBLE CLIKON-CK4286 2500W"},"content":{"rendered":"<p><span>La cuisson est rapide, facile et homog\u00e8ne avec la plaque chauffante \u00e9lectrique Clikon. C&#8217;est la meilleure plaque chauffante pour votre cuisine.<\/span><\/p>\n<p><span>Cette plaque chauffante peut \u00eatre utilis\u00e9e n&#8217;importe o\u00f9 avec une prise \u00e9lectrique selon sa conception portable et son fonctionnement \u00e9lectrique.<\/span><\/p>\n<p><span>La base froide au toucher et les pieds en caoutchouc antid\u00e9rapants pour une cuisson stable<\/span><\/p>\n<p><span>Il s&#8217;adapte facilement \u00e0 la plupart des domaines et s\u00e8che d\u00e8s que vous cuisinez. Gr\u00e2ce aux deux plaques chauffantes, vous pouvez cuisiner deux plats en m\u00eame temps.<\/span><\/p>\n<p><span>Vous pouvez r\u00e9gler la temp\u00e9rature choisie gr\u00e2ce \u00e0 ses boutons de r\u00e9glage de la chaleur.<\/span><\/p>\n<p><span>Lorsque l&#8217;alimentation est activ\u00e9e, le voyant d&#8217;alimentation est allum\u00e9, assurant la s\u00e9curit\u00e9.<\/span><\/p>\n","protected":false},"excerpt":{"rendered":"<ul>\n<li><strong>Param\u00e8tres de temp\u00e9rature variables<\/strong><\/li>\n<li><strong>Protection contre la surchauffe<\/strong><\/li>\n<li><strong>Compatible avec tous les ustensiles de cuisine<\/strong><\/li>\n<li><strong>Plaque chauffante en fer filet\u00e9<\/strong><\/li>\n<li><strong>Pieds antid\u00e9rapants<\/strong><\/li>\n<li><strong>Matrice &#8211; corps en fonte<\/strong><\/li>\n<\/ul>\n","protected":false},"featured_media":10239,"comment_status":"closed","ping_status":"closed","template":"","meta":{"_bst_post_transparent":"","_bst_post_title":"","_bst_post_layout":"","_bst_post_sidebar_id":"","_bst_post_content_style":"","_bst_post_vertical_padding":"","_bst_post_feature":"","_bst_post_feature_position":"","_bst_post_header":false,"_bst_post_footer":false},"product_brand":[],"product_cat":[145,141],"product_tag":[],"product_brands":[],"class_list":{"0":"post-10243","1":"product","2":"type-product","3":"status-publish","4":"has-post-thumbnail","6":"product_cat-electromenager","7":"product_cat-produits-du-moment","9":"first","10":"instock","11":"shipping-taxable","12":"purchasable","13":"product-type-simple","14":"entry","15":"content-bg","16":"loop-entry"},"_links":{"self":[{"href":"https:\/\/anopri.com\/index.php?rest_route=\/wp\/v2\/product\/10243","targetHints":{"allow":["GET"]}}],"collection":[{"href":"https:\/\/anopri.com\/index.php?rest_route=\/wp\/v2\/product"}],"about":[{"href":"https:\/\/anopri.com\/index.php?rest_route=\/wp\/v2\/types\/product"}],"replies":[{"embeddable":true,"href":"https:\/\/anopri.com\/index.php?rest_route=%2Fwp%2Fv2%2Fcomments&post=10243"}],"wp:featuredmedia":[{"embeddable":true,"href":"https:\/\/anopri.com\/index.php?rest_route=\/wp\/v2\/media\/10239"}],"wp:attachment":[{"href":"https:\/\/anopri.com\/index.php?rest_route=%2Fwp%2Fv2%2Fmedia&parent=10243"}],"wp:term":[{"taxonomy":"product_brand","embeddable":true,"href":"https:\/\/anopri.com\/index.php?rest_route=%2Fwp%2Fv2%2Fproduct_brand&post=10243"},{"taxonomy":"product_cat","embeddable":true,"href":"https:\/\/anopri.com\/index.php?rest_route=%2Fwp%2Fv2%2Fproduct_cat&post=10243"},{"taxonomy":"product_tag","embeddable":true,"href":"https:\/\/anopri.com\/index.php?rest_route=%2Fwp%2Fv2%2Fproduct_tag&post=10243"},{"taxonomy":"product_brands","embeddable":true,"href":"https:\/\/anopri.com\/index.php?rest_route=%2Fwp%2Fv2%2Fproduct_brands&post=10243"}],"curies":[{"name":"wp","href":"https:\/\/api.w.org\/{rel}","templated":true}]}}