{"id":10225,"date":"2026-04-25T17:24:22","date_gmt":"2026-04-25T17:24:22","guid":{"rendered":"https:\/\/anopri.com\/?product=thermometre-infrarouge-numerique"},"modified":"2026-04-25T17:24:22","modified_gmt":"2026-04-25T17:24:22","slug":"thermometre-infrarouge-numerique","status":"publish","type":"product","link":"https:\/\/anopri.com\/?product=thermometre-infrarouge-numerique","title":{"rendered":"Thermom\u00e8tre infrarouge num\u00e9rique"},"content":{"rendered":"<ul class=\"seo-sellpoints--sellerPoint--bfm7Az1\">\n<li>\n<pre><span>thermom\u00e8tre infrarouge\u00a0: \u00e9quipement de temp\u00e9rature int\u00e9rieure et ext\u00e9rieure, la lumi\u00e8re LED interne change en une seule fois pour maximiser la visibilit\u00e9.<\/span><\/pre>\n<\/li>\n<li>\n<pre><span>facilit\u00e9 d'utilisation : le thermom\u00e8tre est un appareil fonctionnel et pratique, avec un grand \u00e9cran LCD qui peut mesurer directement vos besoins. Id\u00e9al pour une utilisation quotidienne aux loisirs ou \u00e0 la maison.<\/span><\/pre>\n<\/li>\n<li>\n<pre data-spm-anchor-id=\"a2g0o.detail.0.i5.1fbbpZCOpZCOzT\"><span>Faible luminosit\u00e9 : taille mini ultra lumineuse, faible luminosit\u00e9 et aspect \u00e9l\u00e9gant.<\/span><\/pre>\n<\/li>\n<\/ul>\n","protected":false},"excerpt":{"rendered":"<p>thermom\u00e8tre infrarouge\u00a0: \u00e9quipement de temp\u00e9rature int\u00e9rieure et ext\u00e9rieure, la lumi\u00e8re LED interne change en une seule fois pour maximiser la visibilit\u00e9. facilit\u00e9 d&#8217;utilisation : le thermom\u00e8tre est un appareil fonctionnel et pratique, avec un grand \u00e9cran LCD qui peut mesurer directement vos besoins. Id\u00e9al pour une utilisation quotidienne aux loisirs ou \u00e0 la maison. Faible&#8230;<\/p>\n","protected":false},"featured_media":8346,"comment_status":"open","ping_status":"closed","template":"","meta":{"_bst_post_transparent":"","_bst_post_title":"","_bst_post_layout":"","_bst_post_sidebar_id":"","_bst_post_content_style":"","_bst_post_vertical_padding":"","_bst_post_feature":"","_bst_post_feature_position":"","_bst_post_header":false,"_bst_post_footer":false},"product_brand":[],"product_cat":[179,156],"product_tag":[],"product_brands":[],"class_list":{"0":"post-10225","1":"product","2":"type-product","3":"status-publish","4":"has-post-thumbnail","6":"product_cat-developpement-personnel","7":"product_cat-outillages-et-petits-materiels-a-main","9":"first","10":"instock","11":"shipping-taxable","12":"purchasable","13":"product-type-simple","14":"entry","15":"content-bg","16":"loop-entry"},"_links":{"self":[{"href":"https:\/\/anopri.com\/index.php?rest_route=\/wp\/v2\/product\/10225","targetHints":{"allow":["GET"]}}],"collection":[{"href":"https:\/\/anopri.com\/index.php?rest_route=\/wp\/v2\/product"}],"about":[{"href":"https:\/\/anopri.com\/index.php?rest_route=\/wp\/v2\/types\/product"}],"replies":[{"embeddable":true,"href":"https:\/\/anopri.com\/index.php?rest_route=%2Fwp%2Fv2%2Fcomments&post=10225"}],"wp:featuredmedia":[{"embeddable":true,"href":"https:\/\/anopri.com\/index.php?rest_route=\/wp\/v2\/media\/8346"}],"wp:attachment":[{"href":"https:\/\/anopri.com\/index.php?rest_route=%2Fwp%2Fv2%2Fmedia&parent=10225"}],"wp:term":[{"taxonomy":"product_brand","embeddable":true,"href":"https:\/\/anopri.com\/index.php?rest_route=%2Fwp%2Fv2%2Fproduct_brand&post=10225"},{"taxonomy":"product_cat","embeddable":true,"href":"https:\/\/anopri.com\/index.php?rest_route=%2Fwp%2Fv2%2Fproduct_cat&post=10225"},{"taxonomy":"product_tag","embeddable":true,"href":"https:\/\/anopri.com\/index.php?rest_route=%2Fwp%2Fv2%2Fproduct_tag&post=10225"},{"taxonomy":"product_brands","embeddable":true,"href":"https:\/\/anopri.com\/index.php?rest_route=%2Fwp%2Fv2%2Fproduct_brands&post=10225"}],"curies":[{"name":"wp","href":"https:\/\/api.w.org\/{rel}","templated":true}]}}