{"id":10189,"date":"2026-04-25T17:24:16","date_gmt":"2026-04-25T17:24:16","guid":{"rendered":"https:\/\/anopri.com\/?product=congelateur-vitree-oscar-288-litres-osc-455g"},"modified":"2026-04-25T17:24:16","modified_gmt":"2026-04-25T17:24:16","slug":"congelateur-vitree-oscar-288-litres-osc-455g","status":"publish","type":"product","link":"https:\/\/anopri.com\/?product=congelateur-vitree-oscar-288-litres-osc-455g","title":{"rendered":"Cong\u00e9lateur Vitr\u00e9e Oscar \u2013 288 Litres \u2013 OSC-455G"},"content":{"rendered":"<p>Ce\u00a0cong\u00e9lateur\u00a0est \u00e9quip\u00e9 de\u00a0deux portes avec un couvercle vitr\u00e9\u00a0\u00a0pour une ouverture facile et pratique. Vous pouvez ainsi acc\u00e9der rapidement \u00e0 tous vos aliments sans avoir \u00e0 fouiller dans le cong\u00e9lateur. De plus, gr\u00e2ce \u00e0 ses dimensions internes spacieuses de\u00a0128 x 60 x 89 cm, il peut contenir de gros articles tels que des dindes ou des jambons.<\/p>\n<p>En outre, le\u00a0cong\u00e9lateur \u00e0 coffre Oscar\u00a0est \u00e9quip\u00e9 d&#8217;un panier pour un rangement facile et organis\u00e9 de vos aliments surgel\u00e9s. Vous pouvez ainsi acc\u00e9der rapidement \u00e0 vos aliments pr\u00e9f\u00e9r\u00e9s sans avoir \u00e0 fouiller dans le cong\u00e9lateur.<\/p>\n","protected":false},"excerpt":{"rendered":"<ul>\n<li>\n<h3>Type de produit: Cong\u00e9lateur vitr\u00e9<\/h3>\n<\/li>\n<li>\n<h3>Marque : OSC-455G<\/h3>\n<\/li>\n<li dir=\"ltr\" lang=\"fr\" xml:lang=\"fr\">\n<h3>Alimentation : 220-240V\/50Hz<\/h3>\n<\/li>\n<li dir=\"ltr\" lang=\"fr\" xml:lang=\"fr\">\n<h3>Courant nominal : 2,55A<\/h3>\n<\/li>\n<li dir=\"ltr\" lang=\"fr\" xml:lang=\"fr\">\n<h3>Type de climat : T\/5<\/h3>\n<\/li>\n<li dir=\"ltr\" lang=\"fr\" xml:lang=\"fr\">\n<h3>Classe de choc \u00e9lectrique : 1<\/h3>\n<\/li>\n<li dir=\"ltr\" lang=\"fr\" xml:lang=\"fr\">\n<h3>R\u00e9frig\u00e9rant\/Charg\u00e9 : R134a\/110g<\/h3>\n<\/li>\n<li dir=\"ltr\" lang=\"fr\" xml:lang=\"fr\">\n<h3>Agent moussant : CsHo<\/h3>\n<\/li>\n<li dir=\"ltr\" lang=\"fr\" xml:lang=\"fr\">\n<h3>Poids net : 47kg<\/h3>\n<\/li>\n<li dir=\"ltr\" lang=\"fr\" xml:lang=\"fr\">\n<h3>Garantie :06 mois<\/h3>\n<\/li>\n<\/ul>\n","protected":false},"featured_media":8219,"comment_status":"open","ping_status":"closed","template":"","meta":{"_bst_post_transparent":"","_bst_post_title":"","_bst_post_layout":"","_bst_post_sidebar_id":"","_bst_post_content_style":"","_bst_post_vertical_padding":"","_bst_post_feature":"","_bst_post_feature_position":"","_bst_post_header":false,"_bst_post_footer":false},"product_brand":[],"product_cat":[153,145],"product_tag":[],"product_brands":[],"class_list":{"0":"post-10189","1":"product","2":"type-product","3":"status-publish","4":"has-post-thumbnail","6":"product_cat-congelateur-coffre","7":"product_cat-electromenager","9":"first","10":"instock","11":"shipping-taxable","12":"purchasable","13":"product-type-simple","14":"entry","15":"content-bg","16":"loop-entry"},"_links":{"self":[{"href":"https:\/\/anopri.com\/index.php?rest_route=\/wp\/v2\/product\/10189","targetHints":{"allow":["GET"]}}],"collection":[{"href":"https:\/\/anopri.com\/index.php?rest_route=\/wp\/v2\/product"}],"about":[{"href":"https:\/\/anopri.com\/index.php?rest_route=\/wp\/v2\/types\/product"}],"replies":[{"embeddable":true,"href":"https:\/\/anopri.com\/index.php?rest_route=%2Fwp%2Fv2%2Fcomments&post=10189"}],"wp:featuredmedia":[{"embeddable":true,"href":"https:\/\/anopri.com\/index.php?rest_route=\/wp\/v2\/media\/8219"}],"wp:attachment":[{"href":"https:\/\/anopri.com\/index.php?rest_route=%2Fwp%2Fv2%2Fmedia&parent=10189"}],"wp:term":[{"taxonomy":"product_brand","embeddable":true,"href":"https:\/\/anopri.com\/index.php?rest_route=%2Fwp%2Fv2%2Fproduct_brand&post=10189"},{"taxonomy":"product_cat","embeddable":true,"href":"https:\/\/anopri.com\/index.php?rest_route=%2Fwp%2Fv2%2Fproduct_cat&post=10189"},{"taxonomy":"product_tag","embeddable":true,"href":"https:\/\/anopri.com\/index.php?rest_route=%2Fwp%2Fv2%2Fproduct_tag&post=10189"},{"taxonomy":"product_brands","embeddable":true,"href":"https:\/\/anopri.com\/index.php?rest_route=%2Fwp%2Fv2%2Fproduct_brands&post=10189"}],"curies":[{"name":"wp","href":"https:\/\/api.w.org\/{rel}","templated":true}]}}