{"id":10166,"date":"2026-04-25T17:24:11","date_gmt":"2026-04-25T17:24:11","guid":{"rendered":"https:\/\/anopri.com\/?product=cafetiere-silvercrest-1000-w-1-25l"},"modified":"2026-04-25T17:24:11","modified_gmt":"2026-04-25T17:24:11","slug":"cafetiere-silvercrest-1000-w-1-25l","status":"publish","type":"product","link":"https:\/\/anopri.com\/?product=cafetiere-silvercrest-1000-w-1-25l","title":{"rendered":"CAFETIERE SILVERCREST &#8211; 1000 W &#8211; 1.25L"},"content":{"rendered":"<p><strong>\u00a0Outre un design moderne, cette machine caf\u00e9 Silvercrest vous permettra de pr\u00e9parer du bon caf\u00e9 pour toute votre famille gr\u00e2ce \u00e0 sa capacit\u00e9 de 1,2 litre et le maintenir au chaud.\u00a0<\/strong><\/p>\n","protected":false},"excerpt":{"rendered":"<ul>\n<li>Puissance : 1 000 Watts<\/li>\n<li>Pour 10 tasses maximum<\/li>\n<li>Plaque de maintien au chaud anti-adh\u00e9sive<\/li>\n<li>Porte-filtre amovible (taille 1 x 4) avec syst\u00e8me antigoutte<\/li>\n<li>Verseuse en verre, filtre permanent et cuill\u00e8re doseuse inclus<\/li>\n<li>Bouton marche\/arr\u00eat avec voyant lumineux<\/li>\n<li>R\u00e9servoir avec affichage du niveau d\u2019eau<\/li>\n<li>Capacit\u00e9 r\u00e9servoir d&#8217;eau\u00a0: 1,38 l<\/li>\n<li>Capacit\u00e9 verseuse : 1,25 l<\/li>\n<li>Verseuse en verre, porte-filtre, filtre permanent et cuill\u00e8re doseuse compatibles lave-vaisselle<\/li>\n<\/ul>\n","protected":false},"featured_media":10163,"comment_status":"closed","ping_status":"closed","template":"","meta":{"_bst_post_transparent":"","_bst_post_title":"","_bst_post_layout":"","_bst_post_sidebar_id":"","_bst_post_content_style":"","_bst_post_vertical_padding":"","_bst_post_feature":"","_bst_post_feature_position":"","_bst_post_header":false,"_bst_post_footer":false},"product_brand":[],"product_cat":[145],"product_tag":[],"product_brands":[],"class_list":{"0":"post-10166","1":"product","2":"type-product","3":"status-publish","4":"has-post-thumbnail","6":"product_cat-electromenager","8":"first","9":"instock","10":"shipping-taxable","11":"purchasable","12":"product-type-simple","13":"entry","14":"content-bg","15":"loop-entry"},"_links":{"self":[{"href":"https:\/\/anopri.com\/index.php?rest_route=\/wp\/v2\/product\/10166","targetHints":{"allow":["GET"]}}],"collection":[{"href":"https:\/\/anopri.com\/index.php?rest_route=\/wp\/v2\/product"}],"about":[{"href":"https:\/\/anopri.com\/index.php?rest_route=\/wp\/v2\/types\/product"}],"replies":[{"embeddable":true,"href":"https:\/\/anopri.com\/index.php?rest_route=%2Fwp%2Fv2%2Fcomments&post=10166"}],"wp:featuredmedia":[{"embeddable":true,"href":"https:\/\/anopri.com\/index.php?rest_route=\/wp\/v2\/media\/10163"}],"wp:attachment":[{"href":"https:\/\/anopri.com\/index.php?rest_route=%2Fwp%2Fv2%2Fmedia&parent=10166"}],"wp:term":[{"taxonomy":"product_brand","embeddable":true,"href":"https:\/\/anopri.com\/index.php?rest_route=%2Fwp%2Fv2%2Fproduct_brand&post=10166"},{"taxonomy":"product_cat","embeddable":true,"href":"https:\/\/anopri.com\/index.php?rest_route=%2Fwp%2Fv2%2Fproduct_cat&post=10166"},{"taxonomy":"product_tag","embeddable":true,"href":"https:\/\/anopri.com\/index.php?rest_route=%2Fwp%2Fv2%2Fproduct_tag&post=10166"},{"taxonomy":"product_brands","embeddable":true,"href":"https:\/\/anopri.com\/index.php?rest_route=%2Fwp%2Fv2%2Fproduct_brands&post=10166"}],"curies":[{"name":"wp","href":"https:\/\/api.w.org\/{rel}","templated":true}]}}