{"id":10156,"date":"2026-04-25T17:24:08","date_gmt":"2026-04-25T17:24:08","guid":{"rendered":"https:\/\/anopri.com\/?product=krypton-knms5038-haut-parleur-multimedia-2-1-canaux-noir"},"modified":"2026-04-25T17:24:08","modified_gmt":"2026-04-25T17:24:08","slug":"krypton-knms5038-haut-parleur-multimedia-2-1-canaux-noir","status":"publish","type":"product","link":"https:\/\/anopri.com\/?product=krypton-knms5038-haut-parleur-multimedia-2-1-canaux-noir","title":{"rendered":"Krypton KNMS5038 Haut-parleur multim\u00e9dia 2.1 canaux &#8211; Noir"},"content":{"rendered":"<p>Le syst\u00e8me de cin\u00e9ma maison Krypton 2.1 canaux est exactement ce dont vous avez besoin pour ajouter du punch \u00e0 votre syst\u00e8me de divertissement \u00e0 domicile.\u00a0Il vous offre 2.1 canaux audio haute fid\u00e9lit\u00e9 via ses deux tweeters et un subwoofer, et prend en charge la lecture directe des fichiers au format MP3.\u00a0Gr\u00e2ce \u00e0 sa carte SD et ses ports USB, vous pouvez y brancher directement vos cartes m\u00e9moire ainsi que des p\u00e9riph\u00e9riques de stockage USB pour diffuser de la musique \u00e0 haute voix.\u00a0Vous obtiendrez une exp\u00e9rience de son surround Hi-Fi, quel que soit le genre de musique que vous \u00e9coutez.\u00a0Vous pouvez facilement contr\u00f4ler ce syst\u00e8me de cin\u00e9ma maison via sa t\u00e9l\u00e9commande sans fil.\u00a0Ce syst\u00e8me d&#8217;enceintes a besoin de 220-240 V de courant alternatif pour fonctionner.\u00a0Quel que soit le genre de musique que vous \u00e9coutez, le subwoofer offre la meilleure qualit\u00e9 de son qui fera de votre journ\u00e9e un c\u00e2ble de connexion flexible.<\/p>\n","protected":false},"excerpt":{"rendered":"<table class=\"table\">\n<thead>\n<tr>\n<th class=\"specifchead\" colspan=\"2\">sp\u00e9cification<\/th>\n<\/tr>\n<\/thead>\n<tbody>\n<tr>\n<td class=\"specifcname\">Couleur<\/td>\n<td>Noir<\/td>\n<\/tr>\n<tr>\n<td class=\"specifcname\">Fabriqu\u00e9 en<\/td>\n<td>Chine<\/td>\n<\/tr>\n<\/tbody>\n<\/table>\n<table class=\"table\">\n<tbody>\n<tr>\n<td class=\"specifcname\">Taper<\/td>\n<td>2. 1 cin\u00e9ma maison<\/td>\n<\/tr>\n<tr>\n<td class=\"specifcname\">Pouvoir<\/td>\n<td>220-240V<\/td>\n<\/tr>\n<tr>\n<td class=\"specifcname\">Puissance de sortie<\/td>\n<td>50000W<\/td>\n<\/tr>\n<tr>\n<td class=\"specifcname\">Caract\u00e9ristiques<\/td>\n<td>Super basse<\/td>\n<\/tr>\n<\/tbody>\n<\/table>\n","protected":false},"featured_media":8110,"comment_status":"open","ping_status":"closed","template":"","meta":{"_bst_post_transparent":"","_bst_post_title":"","_bst_post_layout":"","_bst_post_sidebar_id":"","_bst_post_content_style":"","_bst_post_vertical_padding":"","_bst_post_feature":"","_bst_post_feature_position":"","_bst_post_header":false,"_bst_post_footer":false},"product_brand":[],"product_cat":[147,142,162],"product_tag":[],"product_brands":[],"class_list":{"0":"post-10156","1":"product","2":"type-product","3":"status-publish","4":"has-post-thumbnail","6":"product_cat-audio-hifi","7":"product_cat-electronique","8":"product_cat-enceinte-bluetooth","10":"first","11":"instock","12":"shipping-taxable","13":"purchasable","14":"product-type-simple","15":"entry","16":"content-bg","17":"loop-entry"},"_links":{"self":[{"href":"https:\/\/anopri.com\/index.php?rest_route=\/wp\/v2\/product\/10156","targetHints":{"allow":["GET"]}}],"collection":[{"href":"https:\/\/anopri.com\/index.php?rest_route=\/wp\/v2\/product"}],"about":[{"href":"https:\/\/anopri.com\/index.php?rest_route=\/wp\/v2\/types\/product"}],"replies":[{"embeddable":true,"href":"https:\/\/anopri.com\/index.php?rest_route=%2Fwp%2Fv2%2Fcomments&post=10156"}],"wp:featuredmedia":[{"embeddable":true,"href":"https:\/\/anopri.com\/index.php?rest_route=\/wp\/v2\/media\/8110"}],"wp:attachment":[{"href":"https:\/\/anopri.com\/index.php?rest_route=%2Fwp%2Fv2%2Fmedia&parent=10156"}],"wp:term":[{"taxonomy":"product_brand","embeddable":true,"href":"https:\/\/anopri.com\/index.php?rest_route=%2Fwp%2Fv2%2Fproduct_brand&post=10156"},{"taxonomy":"product_cat","embeddable":true,"href":"https:\/\/anopri.com\/index.php?rest_route=%2Fwp%2Fv2%2Fproduct_cat&post=10156"},{"taxonomy":"product_tag","embeddable":true,"href":"https:\/\/anopri.com\/index.php?rest_route=%2Fwp%2Fv2%2Fproduct_tag&post=10156"},{"taxonomy":"product_brands","embeddable":true,"href":"https:\/\/anopri.com\/index.php?rest_route=%2Fwp%2Fv2%2Fproduct_brands&post=10156"}],"curies":[{"name":"wp","href":"https:\/\/api.w.org\/{rel}","templated":true}]}}