{"id":10154,"date":"2026-04-25T17:24:06","date_gmt":"2026-04-25T17:24:06","guid":{"rendered":"https:\/\/anopri.com\/?product=haut-parleur-chariot-rechargeable-krypton-knms5445-noir"},"modified":"2026-04-25T17:24:06","modified_gmt":"2026-04-25T17:24:06","slug":"haut-parleur-chariot-rechargeable-krypton-knms5445-noir","status":"publish","type":"product","link":"https:\/\/anopri.com\/?product=haut-parleur-chariot-rechargeable-krypton-knms5445-noir","title":{"rendered":"Haut-parleur chariot rechargeable Krypton KNMS5445 &#8211; Noir"},"content":{"rendered":"<p>Krypton KNMS5445 est aliment\u00e9 par des batteries au plomb rechargeables et dispose d&#8217;une connectivit\u00e9 Bluetooth qui vous permet de vous connecter \u00e0 n&#8217;importe quel appareil et de diffuser de la musique instantan\u00e9ment.\u00a0Le haut-parleur dispose de plusieurs modes d&#8217;entr\u00e9e tels que USB, fente pour carte TF et entr\u00e9e AUX 3,5 mm, entre autres.\u00a0Il poss\u00e8de \u00e0 la fois les fonctions TWS et Bluetooth, ce qui le rend polyvalent.\u00a0Une fonction d&#8217;enregistrement, un microphone sans fil, une radio FM et une t\u00e9l\u00e9commande compl\u00e8te font partie des extras.\u00a0Un design unique avec de grandes lumi\u00e8res LED clignotantes et un contr\u00f4le des couleurs le rend appropri\u00e9 pour les f\u00eates.<\/p>\n","protected":false},"excerpt":{"rendered":"<table class=\"table\">\n<thead>\n<tr>\n<th class=\"specifchead\" colspan=\"2\">sp\u00e9cification<\/th>\n<\/tr>\n<\/thead>\n<tbody>\n<tr>\n<td class=\"specifcname\">Couleur<\/td>\n<td>Noir<\/td>\n<\/tr>\n<tr>\n<td class=\"specifcname\">Tension<\/td>\n<td>AC-100- 240V<\/td>\n<\/tr>\n<tr>\n<td class=\"specifcname\">Fabriqu\u00e9 en<\/td>\n<td>Chine<\/td>\n<\/tr>\n<\/tbody>\n<\/table>\n<table class=\"table\">\n<tbody>\n<tr>\n<td class=\"specifcname\">Marque<\/td>\n<td>Krypton<\/td>\n<\/tr>\n<tr>\n<td class=\"specifcname\">Num\u00e9ro de mod\u00e8le<\/td>\n<td>KNMS5445<\/td>\n<\/tr>\n<tr>\n<td class=\"specifcname\">Type d&#8217;\u00e9l\u00e9ment<\/td>\n<td>Conf\u00e9rencier<\/td>\n<\/tr>\n<tr>\n<td class=\"specifcname\">Fr\u00e9quence de rafra\u00eechissement<\/td>\n<td>50\/60Hz<\/td>\n<\/tr>\n<tr>\n<td class=\"specifcname\">Type de batterie<\/td>\n<td>Batterie au plomb<\/td>\n<\/tr>\n<tr>\n<td class=\"specifcname\">Lampe \u00e0 LED<\/td>\n<td>Oui<\/td>\n<\/tr>\n<tr>\n<td class=\"specifcname\">Facile \u00e0 utiliser<\/td>\n<td>Oui<\/td>\n<\/tr>\n<\/tbody>\n<\/table>\n","protected":false},"featured_media":8106,"comment_status":"open","ping_status":"closed","template":"","meta":{"_bst_post_transparent":"","_bst_post_title":"","_bst_post_layout":"","_bst_post_sidebar_id":"","_bst_post_content_style":"","_bst_post_vertical_padding":"","_bst_post_feature":"","_bst_post_feature_position":"","_bst_post_header":false,"_bst_post_footer":false},"product_brand":[],"product_cat":[147,142,162],"product_tag":[],"product_brands":[],"class_list":{"0":"post-10154","1":"product","2":"type-product","3":"status-publish","4":"has-post-thumbnail","6":"product_cat-audio-hifi","7":"product_cat-electronique","8":"product_cat-enceinte-bluetooth","10":"first","11":"instock","12":"shipping-taxable","13":"purchasable","14":"product-type-simple","15":"entry","16":"content-bg","17":"loop-entry"},"_links":{"self":[{"href":"https:\/\/anopri.com\/index.php?rest_route=\/wp\/v2\/product\/10154","targetHints":{"allow":["GET"]}}],"collection":[{"href":"https:\/\/anopri.com\/index.php?rest_route=\/wp\/v2\/product"}],"about":[{"href":"https:\/\/anopri.com\/index.php?rest_route=\/wp\/v2\/types\/product"}],"replies":[{"embeddable":true,"href":"https:\/\/anopri.com\/index.php?rest_route=%2Fwp%2Fv2%2Fcomments&post=10154"}],"wp:featuredmedia":[{"embeddable":true,"href":"https:\/\/anopri.com\/index.php?rest_route=\/wp\/v2\/media\/8106"}],"wp:attachment":[{"href":"https:\/\/anopri.com\/index.php?rest_route=%2Fwp%2Fv2%2Fmedia&parent=10154"}],"wp:term":[{"taxonomy":"product_brand","embeddable":true,"href":"https:\/\/anopri.com\/index.php?rest_route=%2Fwp%2Fv2%2Fproduct_brand&post=10154"},{"taxonomy":"product_cat","embeddable":true,"href":"https:\/\/anopri.com\/index.php?rest_route=%2Fwp%2Fv2%2Fproduct_cat&post=10154"},{"taxonomy":"product_tag","embeddable":true,"href":"https:\/\/anopri.com\/index.php?rest_route=%2Fwp%2Fv2%2Fproduct_tag&post=10154"},{"taxonomy":"product_brands","embeddable":true,"href":"https:\/\/anopri.com\/index.php?rest_route=%2Fwp%2Fv2%2Fproduct_brands&post=10154"}],"curies":[{"name":"wp","href":"https:\/\/api.w.org\/{rel}","templated":true}]}}