{"id":10149,"date":"2026-04-25T17:24:01","date_gmt":"2026-04-25T17:24:01","guid":{"rendered":"https:\/\/anopri.com\/?product=home-cinema-krypton-knms5199-2-1ch-noir"},"modified":"2026-04-25T17:24:01","modified_gmt":"2026-04-25T17:24:01","slug":"home-cinema-krypton-knms5199-2-1ch-noir","status":"publish","type":"product","link":"https:\/\/anopri.com\/?product=home-cinema-krypton-knms5199-2-1ch-noir","title":{"rendered":"Home Cin\u00e9ma Krypton KNMS5199  2.1CH &#8211; Noir"},"content":{"rendered":"<p>Krypton KNMS5196 Ce haut-parleur professionnel rechargeable Krypton haute puissance est \u00e9quip\u00e9 d&#8217;un woofer de 6,5&#8243; x2 pour une reproduction sonore st\u00e9r\u00e9o compl\u00e8te et une r\u00e9ponse des basses impressionnante. Le syst\u00e8me de haut-parleurs est compatible avec Bluetooth pour le streaming audio sans fil et fonctionne avec des appareils tels que iPhone, t\u00e9l\u00e9phone mobile Android, iPad. , tablette, PC Id\u00e9al pour une utilisation personnelle \u00e0 l&#8217;int\u00e9rieur et \u00e0 l&#8217;ext\u00e9rieur.<\/p>\n","protected":false},"excerpt":{"rendered":"<table class=\"table\">\n<thead>\n<tr>\n<th class=\"specifchead\" colspan=\"2\">sp\u00e9cification<\/th>\n<\/tr>\n<\/thead>\n<tbody>\n<tr>\n<td class=\"specifcname\">Couleur<\/td>\n<td>Noir<\/td>\n<\/tr>\n<tr>\n<td class=\"specifcname\">Groupe cibl\u00e9<\/td>\n<td>Adulte<\/td>\n<\/tr>\n<tr>\n<td class=\"specifcname\"><\/td>\n<td><\/td>\n<\/tr>\n<tr>\n<td class=\"specifcname\">Fabriqu\u00e9 en<\/td>\n<td>Chine<\/td>\n<\/tr>\n<tr>\n<td class=\"specifcname\">Type de haut-parleur<\/td>\n<td>Haut-parleur Bluetooth<\/td>\n<\/tr>\n<\/tbody>\n<\/table>\n<table class=\"table\">\n<tbody>\n<tr>\n<td class=\"specifcname\">Marque<\/td>\n<td>Krypton<\/td>\n<\/tr>\n<tr>\n<td class=\"specifcname\">Num\u00e9ro de mod\u00e8le<\/td>\n<td>KNMS5199<\/td>\n<\/tr>\n<tr>\n<td class=\"specifcname\">Type d&#8217;\u00e9l\u00e9ment<\/td>\n<td>Conf\u00e9rencier<\/td>\n<\/tr>\n<tr>\n<td class=\"specifcname\">Connectivit\u00e9 Bluetooth<\/td>\n<td>Oui<\/td>\n<\/tr>\n<tr>\n<td class=\"specifcname\">Lumi\u00e8res LED<\/td>\n<td>Oui<\/td>\n<\/tr>\n<\/tbody>\n<\/table>\n","protected":false},"featured_media":10147,"comment_status":"closed","ping_status":"closed","template":"","meta":{"_bst_post_transparent":"","_bst_post_title":"","_bst_post_layout":"","_bst_post_sidebar_id":"","_bst_post_content_style":"","_bst_post_vertical_padding":"","_bst_post_feature":"","_bst_post_feature_position":"","_bst_post_header":false,"_bst_post_footer":false},"product_brand":[],"product_cat":[147,142,148,175],"product_tag":[],"product_brands":[],"class_list":{"0":"post-10149","1":"product","2":"type-product","3":"status-publish","4":"has-post-thumbnail","6":"product_cat-audio-hifi","7":"product_cat-electronique","8":"product_cat-home-cinema","9":"product_cat-woofer","11":"first","12":"instock","13":"shipping-taxable","14":"purchasable","15":"product-type-simple","16":"entry","17":"content-bg","18":"loop-entry"},"_links":{"self":[{"href":"https:\/\/anopri.com\/index.php?rest_route=\/wp\/v2\/product\/10149","targetHints":{"allow":["GET"]}}],"collection":[{"href":"https:\/\/anopri.com\/index.php?rest_route=\/wp\/v2\/product"}],"about":[{"href":"https:\/\/anopri.com\/index.php?rest_route=\/wp\/v2\/types\/product"}],"replies":[{"embeddable":true,"href":"https:\/\/anopri.com\/index.php?rest_route=%2Fwp%2Fv2%2Fcomments&post=10149"}],"wp:featuredmedia":[{"embeddable":true,"href":"https:\/\/anopri.com\/index.php?rest_route=\/wp\/v2\/media\/10147"}],"wp:attachment":[{"href":"https:\/\/anopri.com\/index.php?rest_route=%2Fwp%2Fv2%2Fmedia&parent=10149"}],"wp:term":[{"taxonomy":"product_brand","embeddable":true,"href":"https:\/\/anopri.com\/index.php?rest_route=%2Fwp%2Fv2%2Fproduct_brand&post=10149"},{"taxonomy":"product_cat","embeddable":true,"href":"https:\/\/anopri.com\/index.php?rest_route=%2Fwp%2Fv2%2Fproduct_cat&post=10149"},{"taxonomy":"product_tag","embeddable":true,"href":"https:\/\/anopri.com\/index.php?rest_route=%2Fwp%2Fv2%2Fproduct_tag&post=10149"},{"taxonomy":"product_brands","embeddable":true,"href":"https:\/\/anopri.com\/index.php?rest_route=%2Fwp%2Fv2%2Fproduct_brands&post=10149"}],"curies":[{"name":"wp","href":"https:\/\/api.w.org\/{rel}","templated":true}]}}