{"id":10095,"date":"2026-04-25T17:22:24","date_gmt":"2026-04-25T17:22:24","guid":{"rendered":"https:\/\/anopri.com\/?product=boite-derivation-etanche"},"modified":"2026-04-25T17:22:24","modified_gmt":"2026-04-25T17:22:24","slug":"boite-derivation-etanche","status":"publish","type":"product","link":"https:\/\/anopri.com\/?product=boite-derivation-etanche","title":{"rendered":"Bo\u00eete d\u00e9rivation \u00e9tanche"},"content":{"rendered":"<ul>\n<li>Boitier et couvercle en mati\u00e8re autoextinguible<\/li>\n<li>Fixation : par 4 vis<\/li>\n<li>Entr\u00e9e lat\u00e9rale des 4 cot\u00e9s pour les c\u00e2bles<\/li>\n<li>Protection : IP64<\/li>\n<\/ul>\n","protected":false},"excerpt":{"rendered":"<p>Boitier et couvercle en mati\u00e8re autoextinguible Fixation : par 4 vis Entr\u00e9e lat\u00e9rale des 4 cot\u00e9s pour les c\u00e2bles Protection : IP64<\/p>\n","protected":false},"featured_media":10094,"comment_status":"open","ping_status":"closed","template":"","meta":{"_bst_post_transparent":"","_bst_post_title":"","_bst_post_layout":"","_bst_post_sidebar_id":"","_bst_post_content_style":"","_bst_post_vertical_padding":"","_bst_post_feature":"","_bst_post_feature_position":"","_bst_post_header":false,"_bst_post_footer":false},"product_brand":[],"product_cat":[166],"product_tag":[],"product_brands":[],"class_list":{"0":"post-10095","1":"product","2":"type-product","3":"status-publish","4":"has-post-thumbnail","6":"product_cat-electricite","8":"first","9":"instock","10":"shipping-taxable","11":"product-type-simple","12":"entry","13":"content-bg","14":"loop-entry"},"_links":{"self":[{"href":"https:\/\/anopri.com\/index.php?rest_route=\/wp\/v2\/product\/10095","targetHints":{"allow":["GET"]}}],"collection":[{"href":"https:\/\/anopri.com\/index.php?rest_route=\/wp\/v2\/product"}],"about":[{"href":"https:\/\/anopri.com\/index.php?rest_route=\/wp\/v2\/types\/product"}],"replies":[{"embeddable":true,"href":"https:\/\/anopri.com\/index.php?rest_route=%2Fwp%2Fv2%2Fcomments&post=10095"}],"wp:featuredmedia":[{"embeddable":true,"href":"https:\/\/anopri.com\/index.php?rest_route=\/wp\/v2\/media\/10094"}],"wp:attachment":[{"href":"https:\/\/anopri.com\/index.php?rest_route=%2Fwp%2Fv2%2Fmedia&parent=10095"}],"wp:term":[{"taxonomy":"product_brand","embeddable":true,"href":"https:\/\/anopri.com\/index.php?rest_route=%2Fwp%2Fv2%2Fproduct_brand&post=10095"},{"taxonomy":"product_cat","embeddable":true,"href":"https:\/\/anopri.com\/index.php?rest_route=%2Fwp%2Fv2%2Fproduct_cat&post=10095"},{"taxonomy":"product_tag","embeddable":true,"href":"https:\/\/anopri.com\/index.php?rest_route=%2Fwp%2Fv2%2Fproduct_tag&post=10095"},{"taxonomy":"product_brands","embeddable":true,"href":"https:\/\/anopri.com\/index.php?rest_route=%2Fwp%2Fv2%2Fproduct_brands&post=10095"}],"curies":[{"name":"wp","href":"https:\/\/api.w.org\/{rel}","templated":true}]}}