{"id":10077,"date":"2026-04-25T17:22:12","date_gmt":"2026-04-25T17:22:12","guid":{"rendered":"https:\/\/anopri.com\/?product=seche-cheveux-kemey-km-5813-3000-w"},"modified":"2026-04-25T17:22:12","modified_gmt":"2026-04-25T17:22:12","slug":"seche-cheveux-kemey-km-5813-3000-w","status":"publish","type":"product","link":"https:\/\/anopri.com\/?product=seche-cheveux-kemey-km-5813-3000-w","title":{"rendered":"S\u00e8che-cheveux Kemey Km-5813 3000 W"},"content":{"rendered":"<p><span>KemeY KM-5813 S\u00e8che-cheveux professionnel 3000W \u00c9nergie \u00e9olienne. <\/span><span>Le s\u00e8che-cheveux professionnel KemeY KM5813 \u00e9quip\u00e9 d&#8217;une option de flux chaud et froid, est une puissante machine \u00e9olienne 3000 qui peut \u00eatre utilis\u00e9e pour un soin optimal de vos cheveux. <\/span><span>C&#8217;est un article tr\u00e8s utile pour votre usage quotidien et qui rend vos cheveux lisses et brillants.\u00a0<\/span><span>C&#8217;est aussi un cadeau parfait pour votre famille et vos amis.<\/span><\/p>\n","protected":false},"excerpt":{"rendered":"<ul>\n<li><span>3000 Watts s\u00e9chage doux<\/span><\/li>\n<li><span>Fonction chaud et froid<\/span><\/li>\n<li><span>2 r\u00e9glages de chaleur pour un s\u00e9chage soign\u00e9<\/span><\/li>\n<li><span>Protection contre la surchauffe<\/span><\/li>\n<li><span>Type d&#8217;article : s\u00e8che-cheveux<\/span><\/li>\n<li><span>\u00c9l\u00e9ment chauffant : Infrarouge<\/span><\/li>\n<li><span>Source d&#8217;alimentation : Electrique<\/span><\/li>\n<li><span>Tension\u00a0: 220-240\u00a0V<\/span><\/li>\n<li><span>Fr\u00e9quence\u00a0: 50\u00a0Hz<\/span><\/li>\n<\/ul>\n","protected":false},"featured_media":10074,"comment_status":"open","ping_status":"closed","template":"","meta":{"_bst_post_transparent":"","_bst_post_title":"","_bst_post_layout":"","_bst_post_sidebar_id":"","_bst_post_content_style":"","_bst_post_vertical_padding":"","_bst_post_feature":"","_bst_post_feature_position":"","_bst_post_header":false,"_bst_post_footer":false},"product_brand":[],"product_cat":[170,194],"product_tag":[],"product_brands":[],"class_list":{"0":"post-10077","1":"product","2":"type-product","3":"status-publish","4":"has-post-thumbnail","6":"product_cat-mode","7":"product_cat-mode-femme","9":"first","10":"instock","11":"shipping-taxable","12":"purchasable","13":"product-type-simple","14":"entry","15":"content-bg","16":"loop-entry"},"_links":{"self":[{"href":"https:\/\/anopri.com\/index.php?rest_route=\/wp\/v2\/product\/10077","targetHints":{"allow":["GET"]}}],"collection":[{"href":"https:\/\/anopri.com\/index.php?rest_route=\/wp\/v2\/product"}],"about":[{"href":"https:\/\/anopri.com\/index.php?rest_route=\/wp\/v2\/types\/product"}],"replies":[{"embeddable":true,"href":"https:\/\/anopri.com\/index.php?rest_route=%2Fwp%2Fv2%2Fcomments&post=10077"}],"wp:featuredmedia":[{"embeddable":true,"href":"https:\/\/anopri.com\/index.php?rest_route=\/wp\/v2\/media\/10074"}],"wp:attachment":[{"href":"https:\/\/anopri.com\/index.php?rest_route=%2Fwp%2Fv2%2Fmedia&parent=10077"}],"wp:term":[{"taxonomy":"product_brand","embeddable":true,"href":"https:\/\/anopri.com\/index.php?rest_route=%2Fwp%2Fv2%2Fproduct_brand&post=10077"},{"taxonomy":"product_cat","embeddable":true,"href":"https:\/\/anopri.com\/index.php?rest_route=%2Fwp%2Fv2%2Fproduct_cat&post=10077"},{"taxonomy":"product_tag","embeddable":true,"href":"https:\/\/anopri.com\/index.php?rest_route=%2Fwp%2Fv2%2Fproduct_tag&post=10077"},{"taxonomy":"product_brands","embeddable":true,"href":"https:\/\/anopri.com\/index.php?rest_route=%2Fwp%2Fv2%2Fproduct_brands&post=10077"}],"curies":[{"name":"wp","href":"https:\/\/api.w.org\/{rel}","templated":true}]}}