{"id":10064,"date":"2026-04-25T17:22:10","date_gmt":"2026-04-25T17:22:10","guid":{"rendered":"https:\/\/anopri.com\/?product=tv-innova-32-pouces-regulateur-de-tension-integre"},"modified":"2026-04-25T17:22:10","modified_gmt":"2026-04-25T17:22:10","slug":"tv-innova-32-pouces-regulateur-de-tension-integre","status":"publish","type":"product","link":"https:\/\/anopri.com\/?product=tv-innova-32-pouces-regulateur-de-tension-integre","title":{"rendered":"TV INNOVA &#8211; 32 pouces &#8211; R\u00e9gulateur de tension int\u00e9gr\u00e9"},"content":{"rendered":"<p>D\u00e9couvrez de nouvelles sensations avec la T\u00e9l\u00e9vision TV LED Num\u00e9rique \u2013 innova 32\u2033<\/p>\n<p>Profitez d\u2019une harmonie parfaite entre l\u2019image et le son : elle sublime toutes vos sources vid\u00e9o et la nouvelle technologie de son Acoustic Multi-Audio procure un son directif et enveloppant.<\/p>\n<p>D\u00e9couvrez une nouvelle fa\u00e7on de regarder la t\u00e9l\u00e9vision, vous aurez acc\u00e8s \u00e0 un large choix de contenus vid\u00e9os, musiques et applications. Que vous soyez fan de sport, films, s\u00e9ries, jeux vid\u00e9o, etc\u2026 commandez votre T\u00e9l\u00e9vision num\u00e9rique innova 32 pouces Noir Full HD-AC\/DC avec connecteur USB et HDMI sur www.anopri.com et vous pourrez profiter pleinement de toutes vos passions<\/p>\n","protected":false},"excerpt":{"rendered":"<ul>\n<li><strong>Type de produit:<\/strong>\u00a0TV LED Num\u00e9rique<\/li>\n<li><strong>Marque<\/strong>: INNOVA<\/li>\n<li><strong>Mod\u00e8le<\/strong>: 32MA179<\/li>\n<li><strong>Taille de l\u2019\u00e9cran<\/strong>: 32 Pouces<\/li>\n<li><strong>Cat\u00e9gorie:<\/strong>\u00a0t\u00e9l\u00e9visions<\/li>\n<li><strong>Technologie d\u2019affichage<\/strong>: LED Num\u00e9rique<\/li>\n<li><strong>Dimensions:\u00a0<\/strong>L:782Xl:500Xe:120mm<\/li>\n<li><strong>R\u00e9solution<\/strong>: Full HD,1920 x 1080 pixels<\/li>\n<li><strong>Sortie casque<\/strong>: Oui<\/li>\n<li><strong>Connecteur:\u00a0<\/strong>2\u00a0x HDMI,\u00a01 x USB 2.0<\/li>\n<li><strong>TNT HD (MPEG-4), c\u00e2ble (DVB-C)<\/strong><\/li>\n<li><strong>Tension:\u00a0<\/strong>220 &#8211; 240 V\/ 50hz<\/li>\n<li><strong>Num\u00e9rique , D\u00e9codeur et r\u00e9gulateur int\u00e9gr\u00e9s<\/strong><\/li>\n<li><strong>Couleur\u00a0<\/strong>:Noir<\/li>\n<li><strong>Garantie<\/strong> : 12 mois<\/li>\n<\/ul>\n","protected":false},"featured_media":10061,"comment_status":"open","ping_status":"closed","template":"","meta":{"_bst_post_transparent":"","_bst_post_title":"","_bst_post_layout":"","_bst_post_sidebar_id":"","_bst_post_content_style":"","_bst_post_vertical_padding":"","_bst_post_feature":"","_bst_post_feature_position":"","_bst_post_header":false,"_bst_post_footer":false},"product_brand":[],"product_cat":[142,143,177],"product_tag":[],"product_brands":[],"class_list":{"0":"post-10064","1":"product","2":"type-product","3":"status-publish","4":"has-post-thumbnail","6":"product_cat-electronique","7":"product_cat-television","8":"product_cat-televisions-led","10":"first","11":"instock","12":"shipping-taxable","13":"purchasable","14":"product-type-simple","15":"entry","16":"content-bg","17":"loop-entry"},"_links":{"self":[{"href":"https:\/\/anopri.com\/index.php?rest_route=\/wp\/v2\/product\/10064","targetHints":{"allow":["GET"]}}],"collection":[{"href":"https:\/\/anopri.com\/index.php?rest_route=\/wp\/v2\/product"}],"about":[{"href":"https:\/\/anopri.com\/index.php?rest_route=\/wp\/v2\/types\/product"}],"replies":[{"embeddable":true,"href":"https:\/\/anopri.com\/index.php?rest_route=%2Fwp%2Fv2%2Fcomments&post=10064"}],"wp:featuredmedia":[{"embeddable":true,"href":"https:\/\/anopri.com\/index.php?rest_route=\/wp\/v2\/media\/10061"}],"wp:attachment":[{"href":"https:\/\/anopri.com\/index.php?rest_route=%2Fwp%2Fv2%2Fmedia&parent=10064"}],"wp:term":[{"taxonomy":"product_brand","embeddable":true,"href":"https:\/\/anopri.com\/index.php?rest_route=%2Fwp%2Fv2%2Fproduct_brand&post=10064"},{"taxonomy":"product_cat","embeddable":true,"href":"https:\/\/anopri.com\/index.php?rest_route=%2Fwp%2Fv2%2Fproduct_cat&post=10064"},{"taxonomy":"product_tag","embeddable":true,"href":"https:\/\/anopri.com\/index.php?rest_route=%2Fwp%2Fv2%2Fproduct_tag&post=10064"},{"taxonomy":"product_brands","embeddable":true,"href":"https:\/\/anopri.com\/index.php?rest_route=%2Fwp%2Fv2%2Fproduct_brands&post=10064"}],"curies":[{"name":"wp","href":"https:\/\/api.w.org\/{rel}","templated":true}]}}