{"id":10006,"date":"2026-04-25T17:21:55","date_gmt":"2026-04-25T17:21:55","guid":{"rendered":"https:\/\/anopri.com\/?product=tv-hisense-smart-65-serie-a6-2024"},"modified":"2026-04-25T17:21:55","modified_gmt":"2026-04-25T17:21:55","slug":"tv-hisense-smart-65-serie-a6-2024","status":"publish","type":"product","link":"https:\/\/anopri.com\/?product=tv-hisense-smart-65-serie-a6-2024","title":{"rendered":"Tv Hisense Smart 65&#8243;-S\u00e9rie A6 2024"},"content":{"rendered":"<h4 class=\"short-desc\">\u00a0 \u00a0 \u00a0 \u00a0 \u00a0 \u00a0 \u00a0D\u00e9couvrez des graphismes 4K \u00e9clatants et d\u00e9taill\u00e9s, ainsi qu&#8217;un son immersif, avec un rendu parfait de chaque pixel. Profitez d&#8217;un gameplay fluide et d&#8217;une qualit\u00e9 cin\u00e9matographique digne des r\u00e9alisateurs. Plongez dans des r\u00e9cits riches et des sc\u00e8nes vari\u00e9es sur un \u00e9cran plus grand, tout en conservant des images d&#8217;une nettet\u00e9 exceptionnelle et un son personnalisable. Avec un contr\u00f4le total \u00e0 port\u00e9e de main, chaque d\u00e9tail est captur\u00e9 pour une exp\u00e9rience de divertissement v\u00e9ritablement captivante.<\/h4>\n<ul>\n<li>Tous les divertissements que vous aimez au m\u00eame endroit.<\/li>\n<li>Vivez une exp\u00e9rience color\u00e9e o\u00f9 vous ne manquerez aucun d\u00e9tail<\/li>\n<li>D\u00e9couvrez l&#8217;ajustement parfait de chaque pixel pour vous offrir les meilleures exp\u00e9riences<\/li>\n<li>Plongez dans le r\u00e9cit le plus riche et laissez-vous envelopper par les environnements les plus calmes jusqu&#8217;aux sc\u00e8nes les plus \u00e9nergiques.<\/li>\n<li>Une qualit\u00e9 4K incroyablement d\u00e9taill\u00e9e pour d\u00e9couvrir chaque d\u00e9tail de vos contenus pr\u00e9f\u00e9r\u00e9s. Ne laissez personne vous le dire, vivez-le par vous-m\u00eame.<\/li>\n<li>Vivez chaque match comme si vous \u00e9tiez au premier rang du stade et laissez-vous \u00e9merveiller par chaque action.<\/li>\n<li>Choisissez d&#8217;\u00e9couter l&#8217;audio comme vous le souhaitez, en profitant de chaque d\u00e9tail sans d\u00e9ranger les autres.<\/li>\n<li>Image compl\u00e8te d&#8217;un coin \u00e0 l&#8217;autre pour ne manquer aucun d\u00e9tail de votre contenu pr\u00e9f\u00e9r\u00e9.<\/li>\n<li>Plongez dans chaque sc\u00e8ne, en vivant une exp\u00e9rience d&#8217;image et de son si immersive que vous aurez l&#8217;impression de faire partie de chaque sc\u00e8ne.<\/li>\n<li>Profitez de vos films et s\u00e9ries pr\u00e9f\u00e9r\u00e9s comme le r\u00e9alisateur l&#8217;a pr\u00e9vu.<\/li>\n<li>Un gameplay ininterrompu qui vous offrira une exp\u00e9rience de niveau sup\u00e9rieur, o\u00f9 vous pourrez vraiment profiter de vos comp\u00e9tences aux commandes.<\/li>\n<li>Profitez de tout sur un \u00e9cran plus grand, partagez du contenu comme vous le souhaitez.<\/li>\n<li>Assurez-vous d&#8217;avoir les images les plus claires et les plus nettes afin de ne manquer aucun d\u00e9tail.<\/li>\n<li>Ayez un contr\u00f4le total dans la paume de votre main.<\/li>\n<\/ul>\n","protected":false},"excerpt":{"rendered":"<ul>\n<li aria-level=\"1\"><strong>Type de produit<\/strong>: T\u00e9l\u00e9viseur<\/li>\n<li aria-level=\"1\"><strong>Marque<\/strong>: HISENSE<\/li>\n<li aria-level=\"1\"><strong>Mod\u00e8le<\/strong>\u00a0: 65A6103<\/li>\n<li aria-level=\"1\"><strong>Type de t\u00e9l\u00e9viseur<\/strong>\u00a0: SMART<\/li>\n<li aria-level=\"1\"><strong>Taille de l&#8217;\u00e9cran<\/strong>\u00a0: 65&#8243;<\/li>\n<li aria-level=\"1\"><strong>Taille (en cm)<\/strong>\u00a0: 164<\/li>\n<li aria-level=\"1\"><strong>Type de r\u00e9solution<\/strong>\u00a0: 4K UHD (3840 x 2160)<\/li>\n<li aria-level=\"1\"><strong>R\u00e9cepteur int\u00e9gr\u00e9<\/strong>\u00a0: Oui<\/li>\n<li aria-level=\"1\"><strong>Connexion<\/strong>\u00a0: Sans fil et filaire (via c\u00e2ble LAN)<\/li>\n<li aria-level=\"1\"><strong>Connectivit\u00e9<\/strong>\u00a0: 3 ports HDMI, 2 ports USB, port Lan, prise casque (3,5 mm)<\/li>\n<li aria-level=\"1\"><strong>Consommation d&#8217;\u00e9nergie<\/strong>\u00a0: 180 watts<\/li>\n<li aria-level=\"1\"><strong>Puissance de sortie audio<\/strong>\u00a0: 24 watts<\/li>\n<li aria-level=\"1\"><strong>Garantie<\/strong>\u00a0: 6 mois<\/li>\n<\/ul>\n","protected":false},"featured_media":10002,"comment_status":"closed","ping_status":"closed","template":"","meta":{"_bst_post_transparent":"","_bst_post_title":"","_bst_post_layout":"","_bst_post_sidebar_id":"","_bst_post_content_style":"","_bst_post_vertical_padding":"","_bst_post_feature":"","_bst_post_feature_position":"","_bst_post_header":false,"_bst_post_footer":false},"product_brand":[],"product_cat":[143,144],"product_tag":[],"product_brands":[],"class_list":{"0":"post-10006","1":"product","2":"type-product","3":"status-publish","4":"has-post-thumbnail","6":"product_cat-television","7":"product_cat-televisions-smart","9":"first","10":"instock","11":"sale","12":"purchasable","13":"product-type-simple","14":"entry","15":"content-bg","16":"loop-entry"},"_links":{"self":[{"href":"https:\/\/anopri.com\/index.php?rest_route=\/wp\/v2\/product\/10006","targetHints":{"allow":["GET"]}}],"collection":[{"href":"https:\/\/anopri.com\/index.php?rest_route=\/wp\/v2\/product"}],"about":[{"href":"https:\/\/anopri.com\/index.php?rest_route=\/wp\/v2\/types\/product"}],"replies":[{"embeddable":true,"href":"https:\/\/anopri.com\/index.php?rest_route=%2Fwp%2Fv2%2Fcomments&post=10006"}],"wp:featuredmedia":[{"embeddable":true,"href":"https:\/\/anopri.com\/index.php?rest_route=\/wp\/v2\/media\/10002"}],"wp:attachment":[{"href":"https:\/\/anopri.com\/index.php?rest_route=%2Fwp%2Fv2%2Fmedia&parent=10006"}],"wp:term":[{"taxonomy":"product_brand","embeddable":true,"href":"https:\/\/anopri.com\/index.php?rest_route=%2Fwp%2Fv2%2Fproduct_brand&post=10006"},{"taxonomy":"product_cat","embeddable":true,"href":"https:\/\/anopri.com\/index.php?rest_route=%2Fwp%2Fv2%2Fproduct_cat&post=10006"},{"taxonomy":"product_tag","embeddable":true,"href":"https:\/\/anopri.com\/index.php?rest_route=%2Fwp%2Fv2%2Fproduct_tag&post=10006"},{"taxonomy":"product_brands","embeddable":true,"href":"https:\/\/anopri.com\/index.php?rest_route=%2Fwp%2Fv2%2Fproduct_brands&post=10006"}],"curies":[{"name":"wp","href":"https:\/\/api.w.org\/{rel}","templated":true}]}}